{"id":1134,"date":"2026-05-06T13:42:55","date_gmt":"2026-05-06T11:42:55","guid":{"rendered":"https:\/\/nordicamenities.eu\/toode\/kohvrialus-stand-2\/"},"modified":"2026-05-06T13:43:00","modified_gmt":"2026-05-06T11:43:00","slug":"kohvrialus-stand-2","status":"publish","type":"product","link":"https:\/\/nordicamenities.com\/fi\/toode\/kohvrialus-stand-2\/","title":{"rendered":"Kohvrialus STAND+"},"content":{"rendered":"","protected":false},"excerpt":{"rendered":"<p>Hollandis disainitud kohvrialus<br \/>\nVastupidav t\u00e4isp\u00f6\u00f6k, valmistatud Euroopas<br \/>\nKokkupanduna v\u00e4ga \u00f5huke<br \/>\nVahetatavad nailonist v\u00f5i ehtsast nahast rihmad, rohkem kui 45 erinevat kombinatsiooni<br \/>\nLogoga tellimise v\u00f5imalu<br \/>\n2 aastat garantiid<br \/>\nM\u00f5\u00f5dud:<br \/>\nAvatud : L575 x S450 x K560 mm<br \/>\nKokkupanduna: L575 x S55 x K700mm<\/p>\n","protected":false},"featured_media":1111,"comment_status":"closed","ping_status":"open","template":"","meta":{"_acf_changed":false},"product_brand":[],"product_cat":[84],"product_tag":[],"class_list":{"0":"post-1134","1":"product","2":"type-product","3":"status-publish","4":"has-post-thumbnail","6":"product_cat-kohvrialused","7":"pa_varv-natural","8":"pa_varv-valge","9":"pa_varv-walnut","10":"pa_varv-wenge","12":"first","13":"instock","14":"taxable","15":"shipping-taxable","16":"purchasable","17":"product-type-variable"},"group_of_quantity":1,"min_quantity":1,"max_quantity":"","exclude_order_quantity_value_rules":"no","exclude_category_quantity_rules":"no","combine_variations":"no","acf":[],"_links":{"self":[{"href":"https:\/\/nordicamenities.com\/fi\/wp-json\/wp\/v2\/product\/1134","targetHints":{"allow":["GET"]}}],"collection":[{"href":"https:\/\/nordicamenities.com\/fi\/wp-json\/wp\/v2\/product"}],"about":[{"href":"https:\/\/nordicamenities.com\/fi\/wp-json\/wp\/v2\/types\/product"}],"replies":[{"embeddable":true,"href":"https:\/\/nordicamenities.com\/fi\/wp-json\/wp\/v2\/comments?post=1134"}],"wp:featuredmedia":[{"embeddable":true,"href":"https:\/\/nordicamenities.com\/fi\/wp-json\/wp\/v2\/media\/1111"}],"wp:attachment":[{"href":"https:\/\/nordicamenities.com\/fi\/wp-json\/wp\/v2\/media?parent=1134"}],"wp:term":[{"taxonomy":"product_brand","embeddable":true,"href":"https:\/\/nordicamenities.com\/fi\/wp-json\/wp\/v2\/product_brand?post=1134"},{"taxonomy":"product_cat","embeddable":true,"href":"https:\/\/nordicamenities.com\/fi\/wp-json\/wp\/v2\/product_cat?post=1134"},{"taxonomy":"product_tag","embeddable":true,"href":"https:\/\/nordicamenities.com\/fi\/wp-json\/wp\/v2\/product_tag?post=1134"}],"curies":[{"name":"wp","href":"https:\/\/api.w.org\/{rel}","templated":true}]}}