{"id":12505,"date":"2026-04-28T13:19:54","date_gmt":"2026-04-28T11:19:54","guid":{"rendered":"https:\/\/nordicamenities.com\/toode\/seep-20g-hopal\/"},"modified":"2026-04-28T13:19:56","modified_gmt":"2026-04-28T11:19:56","slug":"seep-20g-hopal","status":"publish","type":"product","link":"https:\/\/nordicamenities.com\/fi\/toode\/seep-20g-hopal\/","title":{"rendered":"Seep 20g HOPAL"},"content":{"rendered":"<p>Valides HOPAL\u2019i aitate kaasa j\u00e4tkusuutlikuma keskkonna loomisele!<br \/>\nP\u00f5hjamaade \u00f6kom\u00e4rgis on kosmeetikatoodete m\u00e4rgistus, mis hoolitseb keskkonna eest ja hindab keskkonnam\u00f5ju kogu toote eluts\u00fckli jooksul, alates toote retseptist kuni pakkimiseni ja l\u00f5pprealiseerimiseni. Lisaks \u00f6koloogilisele k\u00fcljele, mis on P\u00f5hjamaade \u00f6kom\u00e4rgise oluline osa, juhime me t\u00e4helepanu ka efektiivsusele ja naha s\u00f5bralikkusele, valides \u00f6kom\u00e4rgise eeskirjadele vastavad koostisosad ja pannes need sobivate kontsentratsioonidega valemitesse, alustades pindaktiivsetest ainetest.<\/p>\n","protected":false},"excerpt":{"rendered":"<p>HOPAL\u2019i SEEP igap\u00e4evaseks kasutamiseksm\u00f5eldud \u00f5rn mahe seep. P\u00f5hineb looduss\u00f5bralikel koostisosadel ning puhastab nahka p\u00f5hjalikult.<\/p>\n<p>Toodetud ja pakendatud Itaalias!<\/p>\n","protected":false},"featured_media":4176,"comment_status":"closed","ping_status":"open","template":"","meta":{"_acf_changed":false},"product_brand":[],"product_cat":[278],"product_tag":[46],"class_list":{"0":"post-12505","1":"product","2":"type-product","3":"status-publish","4":"has-post-thumbnail","6":"product_cat-hopal","7":"product_tag-seep","9":"first","10":"instock","11":"taxable","12":"shipping-taxable","13":"purchasable","14":"product-type-simple"},"group_of_quantity":300,"min_quantity":300,"max_quantity":"","exclude_order_quantity_value_rules":"no","exclude_category_quantity_rules":"no","combine_variations":"no","acf":[],"_links":{"self":[{"href":"https:\/\/nordicamenities.com\/fi\/wp-json\/wp\/v2\/product\/12505","targetHints":{"allow":["GET"]}}],"collection":[{"href":"https:\/\/nordicamenities.com\/fi\/wp-json\/wp\/v2\/product"}],"about":[{"href":"https:\/\/nordicamenities.com\/fi\/wp-json\/wp\/v2\/types\/product"}],"replies":[{"embeddable":true,"href":"https:\/\/nordicamenities.com\/fi\/wp-json\/wp\/v2\/comments?post=12505"}],"wp:featuredmedia":[{"embeddable":true,"href":"https:\/\/nordicamenities.com\/fi\/wp-json\/wp\/v2\/media\/4176"}],"wp:attachment":[{"href":"https:\/\/nordicamenities.com\/fi\/wp-json\/wp\/v2\/media?parent=12505"}],"wp:term":[{"taxonomy":"product_brand","embeddable":true,"href":"https:\/\/nordicamenities.com\/fi\/wp-json\/wp\/v2\/product_brand?post=12505"},{"taxonomy":"product_cat","embeddable":true,"href":"https:\/\/nordicamenities.com\/fi\/wp-json\/wp\/v2\/product_cat?post=12505"},{"taxonomy":"product_tag","embeddable":true,"href":"https:\/\/nordicamenities.com\/fi\/wp-json\/wp\/v2\/product_tag?post=12505"}],"curies":[{"name":"wp","href":"https:\/\/api.w.org\/{rel}","templated":true}]}}