{"id":12506,"date":"2026-04-28T13:19:54","date_gmt":"2026-04-28T11:19:54","guid":{"rendered":"https:\/\/nordicamenities.com\/toode\/rohelise-tee-varskendav-servjett\/"},"modified":"2026-04-28T13:19:56","modified_gmt":"2026-04-28T11:19:56","slug":"rohelise-tee-varskendav-servjett","status":"publish","type":"product","link":"https:\/\/nordicamenities.com\/fi\/toode\/rohelise-tee-varskendav-servjett\/","title":{"rendered":"Rohelise Tee V\u00e4rskendav Servjett"},"content":{"rendered":"","protected":false},"excerpt":{"rendered":"<p>HOPAL\u2019i V\u00c4RSKENDAV SERVJETT on meeldiva rohelise tee aroomiga, mis teeb selle eriliselt v\u00e4rskeks. Lisaks on servjett rikastatud naturaalsete pehmendavate ainetega, mis annavad v\u00e4ga hea niisutava efekti.<\/p>\n<p>M\u00f5\u00f5dud: 60 x 80 mm<br \/>\nServjetti m\u00f5\u00f5dud: 200&#215;200 mm<\/p>\n<p>Toodetud ja pakendatud Itaalias!<\/p>\n","protected":false},"featured_media":4174,"comment_status":"closed","ping_status":"open","template":"","meta":{"_acf_changed":false},"product_brand":[],"product_cat":[278],"product_tag":[281],"class_list":{"0":"post-12506","1":"product","2":"type-product","3":"status-publish","4":"has-post-thumbnail","6":"product_cat-hopal","7":"product_tag-varskendav-servjett","9":"first","10":"instock","11":"taxable","12":"shipping-taxable","13":"purchasable","14":"product-type-simple"},"group_of_quantity":400,"min_quantity":400,"max_quantity":"","exclude_order_quantity_value_rules":"no","exclude_category_quantity_rules":"no","combine_variations":"no","acf":[],"_links":{"self":[{"href":"https:\/\/nordicamenities.com\/fi\/wp-json\/wp\/v2\/product\/12506","targetHints":{"allow":["GET"]}}],"collection":[{"href":"https:\/\/nordicamenities.com\/fi\/wp-json\/wp\/v2\/product"}],"about":[{"href":"https:\/\/nordicamenities.com\/fi\/wp-json\/wp\/v2\/types\/product"}],"replies":[{"embeddable":true,"href":"https:\/\/nordicamenities.com\/fi\/wp-json\/wp\/v2\/comments?post=12506"}],"wp:featuredmedia":[{"embeddable":true,"href":"https:\/\/nordicamenities.com\/fi\/wp-json\/wp\/v2\/media\/4174"}],"wp:attachment":[{"href":"https:\/\/nordicamenities.com\/fi\/wp-json\/wp\/v2\/media?parent=12506"}],"wp:term":[{"taxonomy":"product_brand","embeddable":true,"href":"https:\/\/nordicamenities.com\/fi\/wp-json\/wp\/v2\/product_brand?post=12506"},{"taxonomy":"product_cat","embeddable":true,"href":"https:\/\/nordicamenities.com\/fi\/wp-json\/wp\/v2\/product_cat?post=12506"},{"taxonomy":"product_tag","embeddable":true,"href":"https:\/\/nordicamenities.com\/fi\/wp-json\/wp\/v2\/product_tag?post=12506"}],"curies":[{"name":"wp","href":"https:\/\/api.w.org\/{rel}","templated":true}]}}