{"id":12540,"date":"2026-04-28T13:20:04","date_gmt":"2026-04-28T11:20:04","guid":{"rendered":"https:\/\/nordicamenities.com\/toode\/massaazioli-380ml-prija-suletud\/"},"modified":"2026-04-28T13:20:05","modified_gmt":"2026-04-28T11:20:05","slug":"massaazioli-380ml-prija-suletud","status":"publish","type":"product","link":"https:\/\/nordicamenities.com\/fi\/toode\/massaazioli-380ml-prija-suletud\/","title":{"rendered":"Massaazi\u00f5li 380ml PRIJA, Suletud"},"content":{"rendered":"<p>Nautige PRIJA kosmeetika looduslikke kasulikke omadusi. Nende spetsiaalsed aroomiteraapia ained on v\u00f5etud eksootilistest taimedest \u00fcle kogu maailma ning kreemid ja pesuvahendid on spetsiaalselt uuritud, et v\u00e4hendada allergilise reaktsiooni v\u00f5imalikkust tundlikule nahale.<\/p>\n","protected":false},"excerpt":{"rendered":"<p>L\u00f5\u00f5gastav massaazi\u00f5li koos Cypress&#8217;i ja aroomiteraapia toodetega.<br \/>\nKoosneb ainult parimatest koostisosadest, mis annavad teile unustamatu aroomiteraapia kogemuse. K\u00fcpressi peetakse s\u00fcmboliks igaveseks eluks ja on juba pikka aega usutud, et see on p\u00fcha, eriti P\u00e4rsias, selle v\u00e4\u00e4rtuslikku eeterlikku \u00f5li on m\u00e4rgitud tema stimuleerivate omaduste poolest.<\/p>\n<p>Toodetud ja pakendatud Itaalias!<\/p>\n","protected":false},"featured_media":4318,"comment_status":"closed","ping_status":"open","template":"","meta":{"_acf_changed":false},"product_brand":[],"product_cat":[282,286,217],"product_tag":[283],"class_list":{"0":"post-12540","1":"product","2":"type-product","3":"status-publish","4":"has-post-thumbnail","6":"product_cat-prija","7":"product_cat-prija-pump-dosaator","8":"product_cat-pump-dosaator","9":"product_tag-mitmesugust","11":"first","12":"instock","13":"taxable","14":"shipping-taxable","15":"purchasable","16":"product-type-simple"},"group_of_quantity":18,"min_quantity":18,"max_quantity":"","exclude_order_quantity_value_rules":"no","exclude_category_quantity_rules":"no","combine_variations":"no","acf":[],"_links":{"self":[{"href":"https:\/\/nordicamenities.com\/fi\/wp-json\/wp\/v2\/product\/12540","targetHints":{"allow":["GET"]}}],"collection":[{"href":"https:\/\/nordicamenities.com\/fi\/wp-json\/wp\/v2\/product"}],"about":[{"href":"https:\/\/nordicamenities.com\/fi\/wp-json\/wp\/v2\/types\/product"}],"replies":[{"embeddable":true,"href":"https:\/\/nordicamenities.com\/fi\/wp-json\/wp\/v2\/comments?post=12540"}],"wp:featuredmedia":[{"embeddable":true,"href":"https:\/\/nordicamenities.com\/fi\/wp-json\/wp\/v2\/media\/4318"}],"wp:attachment":[{"href":"https:\/\/nordicamenities.com\/fi\/wp-json\/wp\/v2\/media?parent=12540"}],"wp:term":[{"taxonomy":"product_brand","embeddable":true,"href":"https:\/\/nordicamenities.com\/fi\/wp-json\/wp\/v2\/product_brand?post=12540"},{"taxonomy":"product_cat","embeddable":true,"href":"https:\/\/nordicamenities.com\/fi\/wp-json\/wp\/v2\/product_cat?post=12540"},{"taxonomy":"product_tag","embeddable":true,"href":"https:\/\/nordicamenities.com\/fi\/wp-json\/wp\/v2\/product_tag?post=12540"}],"curies":[{"name":"wp","href":"https:\/\/api.w.org\/{rel}","templated":true}]}}