{"id":12555,"date":"2026-04-28T13:20:08","date_gmt":"2026-04-28T11:20:08","guid":{"rendered":"https:\/\/nordicamenities.com\/toode\/loogastav-vannitablett-35g-prija\/"},"modified":"2026-04-28T13:20:08","modified_gmt":"2026-04-28T11:20:08","slug":"loogastav-vannitablett-35g-prija","status":"publish","type":"product","link":"https:\/\/nordicamenities.com\/fi\/toode\/loogastav-vannitablett-35g-prija\/","title":{"rendered":"L\u00f5\u00f5gastav Vannitablett 35G PRIJA"},"content":{"rendered":"","protected":false},"excerpt":{"rendered":"<p>L\u00f5\u00f5gastav vannitablett karbis.<\/p>\n<p>Karbis 1 tablett<br \/>\nKarbi m\u00f5\u00f5dud: 4,7 x 4,7 x 2,2 cm<\/p>\n","protected":false},"featured_media":4438,"comment_status":"closed","ping_status":"open","template":"","meta":{"_acf_changed":false},"product_brand":[],"product_cat":[282],"product_tag":[47],"class_list":{"0":"post-12555","1":"product","2":"type-product","3":"status-publish","4":"has-post-thumbnail","6":"product_cat-prija","7":"product_tag-vannisool","9":"first","10":"instock","11":"taxable","12":"shipping-taxable","13":"purchasable","14":"product-type-simple"},"group_of_quantity":400,"min_quantity":400,"max_quantity":"","exclude_order_quantity_value_rules":"no","exclude_category_quantity_rules":"no","combine_variations":"no","acf":[],"_links":{"self":[{"href":"https:\/\/nordicamenities.com\/fi\/wp-json\/wp\/v2\/product\/12555","targetHints":{"allow":["GET"]}}],"collection":[{"href":"https:\/\/nordicamenities.com\/fi\/wp-json\/wp\/v2\/product"}],"about":[{"href":"https:\/\/nordicamenities.com\/fi\/wp-json\/wp\/v2\/types\/product"}],"replies":[{"embeddable":true,"href":"https:\/\/nordicamenities.com\/fi\/wp-json\/wp\/v2\/comments?post=12555"}],"wp:featuredmedia":[{"embeddable":true,"href":"https:\/\/nordicamenities.com\/fi\/wp-json\/wp\/v2\/media\/4438"}],"wp:attachment":[{"href":"https:\/\/nordicamenities.com\/fi\/wp-json\/wp\/v2\/media?parent=12555"}],"wp:term":[{"taxonomy":"product_brand","embeddable":true,"href":"https:\/\/nordicamenities.com\/fi\/wp-json\/wp\/v2\/product_brand?post=12555"},{"taxonomy":"product_cat","embeddable":true,"href":"https:\/\/nordicamenities.com\/fi\/wp-json\/wp\/v2\/product_cat?post=12555"},{"taxonomy":"product_tag","embeddable":true,"href":"https:\/\/nordicamenities.com\/fi\/wp-json\/wp\/v2\/product_tag?post=12555"}],"curies":[{"name":"wp","href":"https:\/\/api.w.org\/{rel}","templated":true}]}}