{"id":12573,"date":"2026-04-28T13:20:08","date_gmt":"2026-04-28T11:20:08","guid":{"rendered":"https:\/\/nordicamenities.com\/toode\/juukse-ja-kehasampoon-30ml-anyah\/"},"modified":"2026-04-28T13:20:11","modified_gmt":"2026-04-28T11:20:11","slug":"juukse-ja-kehasampoon-30ml-anyah","status":"publish","type":"product","link":"https:\/\/nordicamenities.com\/fi\/toode\/juukse-ja-kehasampoon-30ml-anyah\/","title":{"rendered":"Juukse- ja Keha\u0161ampoon 30ml ANYAH"},"content":{"rendered":"<p>Anyhai sari v\u00f5tab arvesse m\u00f5ju keskkonnale, mille t\u00f5endatud eluts\u00fckli hinnang on n\u00e4idatud otse etiketil. Eluts\u00fckli hindamine (LCA) on uuenduslik l\u00e4henemisviis, mis on v\u00f5imaldanud meil arvutada Anyah pakendi keskkonnam\u00f5ju, toote kogu olelusts\u00fckli jooksul.<\/p>\n<p>LCA ARVUTAMINE J\u00c4\u00c4TMETE V\u00c4HENDAMISEKS<br \/>\nANYAH DOYPACK 30ml 14,20 g CO2<br \/>\nTAVALINE PUDEL 30ml 44,60 g CO2<\/p>\n","protected":false},"excerpt":{"rendered":"<p>\u00d5rn juukse- ja keha shampoon, mis on rikastatud piiman\u00f5gese ekstraktiga igap\u00e4evaseks kasutamiseks. Toode sobib h\u00e4sti igale nahat\u00fc\u00fcbile t\u00e4nu toorainete k\u00f5rgele kvaliteedile.<\/p>\n<p>Toodetud ja pakendatud Itaalias!<\/p>\n","protected":false},"featured_media":8638,"comment_status":"closed","ping_status":"open","template":"","meta":{"_acf_changed":false},"product_brand":[],"product_cat":[287],"product_tag":[194],"class_list":{"0":"post-12573","1":"product","2":"type-product","3":"status-publish","4":"has-post-thumbnail","6":"product_cat-anyah","7":"product_tag-juukse-ja-keha","9":"first","10":"instock","11":"taxable","12":"shipping-taxable","13":"purchasable","14":"product-type-simple"},"group_of_quantity":200,"min_quantity":200,"max_quantity":"","exclude_order_quantity_value_rules":"no","exclude_category_quantity_rules":"no","combine_variations":"no","acf":[],"_links":{"self":[{"href":"https:\/\/nordicamenities.com\/fi\/wp-json\/wp\/v2\/product\/12573","targetHints":{"allow":["GET"]}}],"collection":[{"href":"https:\/\/nordicamenities.com\/fi\/wp-json\/wp\/v2\/product"}],"about":[{"href":"https:\/\/nordicamenities.com\/fi\/wp-json\/wp\/v2\/types\/product"}],"replies":[{"embeddable":true,"href":"https:\/\/nordicamenities.com\/fi\/wp-json\/wp\/v2\/comments?post=12573"}],"wp:featuredmedia":[{"embeddable":true,"href":"https:\/\/nordicamenities.com\/fi\/wp-json\/wp\/v2\/media\/8638"}],"wp:attachment":[{"href":"https:\/\/nordicamenities.com\/fi\/wp-json\/wp\/v2\/media?parent=12573"}],"wp:term":[{"taxonomy":"product_brand","embeddable":true,"href":"https:\/\/nordicamenities.com\/fi\/wp-json\/wp\/v2\/product_brand?post=12573"},{"taxonomy":"product_cat","embeddable":true,"href":"https:\/\/nordicamenities.com\/fi\/wp-json\/wp\/v2\/product_cat?post=12573"},{"taxonomy":"product_tag","embeddable":true,"href":"https:\/\/nordicamenities.com\/fi\/wp-json\/wp\/v2\/product_tag?post=12573"}],"curies":[{"name":"wp","href":"https:\/\/api.w.org\/{rel}","templated":true}]}}