{"id":12599,"date":"2026-04-28T13:20:19","date_gmt":"2026-04-28T11:20:19","guid":{"rendered":"https:\/\/nordicamenities.com\/toode\/naturaalne-pesukasn-anyah\/"},"modified":"2026-04-28T13:20:19","modified_gmt":"2026-04-28T11:20:19","slug":"naturaalne-pesukasn-anyah","status":"publish","type":"product","link":"https:\/\/nordicamenities.com\/fi\/toode\/naturaalne-pesukasn-anyah\/","title":{"rendered":"Naturaalne Pesuk\u00e4sn ANYAH"},"content":{"rendered":"","protected":false},"excerpt":{"rendered":"<p>Anyah looduslik merek\u00e4sn on pehme ja ideaalne k\u00f5ikide nahat\u00fc\u00fcpide hooldamiseks ja puhastamiseks.<\/p>\n","protected":false},"featured_media":3728,"comment_status":"closed","ping_status":"open","template":"","meta":{"_acf_changed":false},"product_brand":[],"product_cat":[287],"product_tag":[],"class_list":{"0":"post-12599","1":"product","2":"type-product","3":"status-publish","4":"has-post-thumbnail","6":"product_cat-anyah","8":"first","9":"instock","10":"taxable","11":"shipping-taxable","12":"purchasable","13":"product-type-simple"},"group_of_quantity":100,"min_quantity":100,"max_quantity":"","exclude_order_quantity_value_rules":"no","exclude_category_quantity_rules":"no","combine_variations":"no","acf":[],"_links":{"self":[{"href":"https:\/\/nordicamenities.com\/fi\/wp-json\/wp\/v2\/product\/12599","targetHints":{"allow":["GET"]}}],"collection":[{"href":"https:\/\/nordicamenities.com\/fi\/wp-json\/wp\/v2\/product"}],"about":[{"href":"https:\/\/nordicamenities.com\/fi\/wp-json\/wp\/v2\/types\/product"}],"replies":[{"embeddable":true,"href":"https:\/\/nordicamenities.com\/fi\/wp-json\/wp\/v2\/comments?post=12599"}],"wp:featuredmedia":[{"embeddable":true,"href":"https:\/\/nordicamenities.com\/fi\/wp-json\/wp\/v2\/media\/3728"}],"wp:attachment":[{"href":"https:\/\/nordicamenities.com\/fi\/wp-json\/wp\/v2\/media?parent=12599"}],"wp:term":[{"taxonomy":"product_brand","embeddable":true,"href":"https:\/\/nordicamenities.com\/fi\/wp-json\/wp\/v2\/product_brand?post=12599"},{"taxonomy":"product_cat","embeddable":true,"href":"https:\/\/nordicamenities.com\/fi\/wp-json\/wp\/v2\/product_cat?post=12599"},{"taxonomy":"product_tag","embeddable":true,"href":"https:\/\/nordicamenities.com\/fi\/wp-json\/wp\/v2\/product_tag?post=12599"}],"curies":[{"name":"wp","href":"https:\/\/api.w.org\/{rel}","templated":true}]}}