{"id":12620,"date":"2026-04-28T13:20:23","date_gmt":"2026-04-28T11:20:23","guid":{"rendered":"https:\/\/nordicamenities.com\/toode\/varskendav-servjett-valge-teega-travel-care\/"},"modified":"2026-04-28T13:20:23","modified_gmt":"2026-04-28T11:20:23","slug":"varskendav-servjett-valge-teega-travel-care","status":"publish","type":"product","link":"https:\/\/nordicamenities.com\/fi\/toode\/varskendav-servjett-valge-teega-travel-care\/","title":{"rendered":"V\u00e4rskendav Servjett Valge Teega TRAVEL CARE"},"content":{"rendered":"","protected":false},"excerpt":{"rendered":"<p>TRAVEl CARE\u2019i v\u00e4rskendav servjett valge teega, rikastatud naturaalsete pehmendavate ainetega, mis puhastavad nahka ja j\u00e4tavad sellele meeldiva v\u00e4rske l\u00f5hna.<br \/>\nPAKENDI M\u00d5\u00d5DUD: 72,5 x 90 mm<br \/>\nSERVJETI M\u00d5\u00d5DUD: 130 x 200 mm<\/p>\n<p>Toodetud ja pakendatud Itaalias!<\/p>\n","protected":false},"featured_media":4462,"comment_status":"closed","ping_status":"open","template":"","meta":{"_acf_changed":false},"product_brand":[],"product_cat":[291],"product_tag":[281],"class_list":{"0":"post-12620","1":"product","2":"type-product","3":"status-publish","4":"has-post-thumbnail","6":"product_cat-travel-care","7":"product_tag-varskendav-servjett","9":"first","10":"instock","11":"taxable","12":"shipping-taxable","13":"purchasable","14":"product-type-simple"},"group_of_quantity":800,"min_quantity":800,"max_quantity":"","exclude_order_quantity_value_rules":"no","exclude_category_quantity_rules":"no","combine_variations":"no","acf":[],"_links":{"self":[{"href":"https:\/\/nordicamenities.com\/fi\/wp-json\/wp\/v2\/product\/12620","targetHints":{"allow":["GET"]}}],"collection":[{"href":"https:\/\/nordicamenities.com\/fi\/wp-json\/wp\/v2\/product"}],"about":[{"href":"https:\/\/nordicamenities.com\/fi\/wp-json\/wp\/v2\/types\/product"}],"replies":[{"embeddable":true,"href":"https:\/\/nordicamenities.com\/fi\/wp-json\/wp\/v2\/comments?post=12620"}],"wp:featuredmedia":[{"embeddable":true,"href":"https:\/\/nordicamenities.com\/fi\/wp-json\/wp\/v2\/media\/4462"}],"wp:attachment":[{"href":"https:\/\/nordicamenities.com\/fi\/wp-json\/wp\/v2\/media?parent=12620"}],"wp:term":[{"taxonomy":"product_brand","embeddable":true,"href":"https:\/\/nordicamenities.com\/fi\/wp-json\/wp\/v2\/product_brand?post=12620"},{"taxonomy":"product_cat","embeddable":true,"href":"https:\/\/nordicamenities.com\/fi\/wp-json\/wp\/v2\/product_cat?post=12620"},{"taxonomy":"product_tag","embeddable":true,"href":"https:\/\/nordicamenities.com\/fi\/wp-json\/wp\/v2\/product_tag?post=12620"}],"curies":[{"name":"wp","href":"https:\/\/api.w.org\/{rel}","templated":true}]}}