{"id":12622,"date":"2026-04-28T13:20:23","date_gmt":"2026-04-28T11:20:23","guid":{"rendered":"https:\/\/nordicamenities.com\/toode\/juuste-ja-kehapesu-sampoon-480ml-travel-care-suletud\/"},"modified":"2026-04-28T13:20:24","modified_gmt":"2026-04-28T11:20:24","slug":"juuste-ja-kehapesu-sampoon-480ml-travel-care-suletud","status":"publish","type":"product","link":"https:\/\/nordicamenities.com\/fi\/toode\/juuste-ja-kehapesu-sampoon-480ml-travel-care-suletud\/","title":{"rendered":"Juuste- ja Kehapesu \u0160ampoon 480ml TRAVEL CARE, Suletud"},"content":{"rendered":"","protected":false},"excerpt":{"rendered":"<p>Travel Care Juukse- ja kehapesu shampoon on rikastatud rukkilille ja Passiflora orgaaniliste ekstraktidege, mis annavad juustele l\u00f5\u00f5gastava ja eluj\u00f5uliseks tunde.<\/p>\n<p>Toodetud ja pakendatud Itaalias!<\/p>\n","protected":false},"featured_media":4502,"comment_status":"closed","ping_status":"open","template":"","meta":{"_acf_changed":false},"product_brand":[],"product_cat":[217,291,292],"product_tag":[194],"class_list":{"0":"post-12622","1":"product","2":"type-product","3":"status-publish","4":"has-post-thumbnail","6":"product_cat-pump-dosaator","7":"product_cat-travel-care","8":"product_cat-travel-care-pump-dosaator","9":"product_tag-juukse-ja-keha","11":"first","12":"instock","13":"taxable","14":"shipping-taxable","15":"purchasable","16":"product-type-simple"},"group_of_quantity":18,"min_quantity":18,"max_quantity":"","exclude_order_quantity_value_rules":"no","exclude_category_quantity_rules":"no","combine_variations":"no","acf":[],"_links":{"self":[{"href":"https:\/\/nordicamenities.com\/fi\/wp-json\/wp\/v2\/product\/12622","targetHints":{"allow":["GET"]}}],"collection":[{"href":"https:\/\/nordicamenities.com\/fi\/wp-json\/wp\/v2\/product"}],"about":[{"href":"https:\/\/nordicamenities.com\/fi\/wp-json\/wp\/v2\/types\/product"}],"replies":[{"embeddable":true,"href":"https:\/\/nordicamenities.com\/fi\/wp-json\/wp\/v2\/comments?post=12622"}],"wp:featuredmedia":[{"embeddable":true,"href":"https:\/\/nordicamenities.com\/fi\/wp-json\/wp\/v2\/media\/4502"}],"wp:attachment":[{"href":"https:\/\/nordicamenities.com\/fi\/wp-json\/wp\/v2\/media?parent=12622"}],"wp:term":[{"taxonomy":"product_brand","embeddable":true,"href":"https:\/\/nordicamenities.com\/fi\/wp-json\/wp\/v2\/product_brand?post=12622"},{"taxonomy":"product_cat","embeddable":true,"href":"https:\/\/nordicamenities.com\/fi\/wp-json\/wp\/v2\/product_cat?post=12622"},{"taxonomy":"product_tag","embeddable":true,"href":"https:\/\/nordicamenities.com\/fi\/wp-json\/wp\/v2\/product_tag?post=12622"}],"curies":[{"name":"wp","href":"https:\/\/api.w.org\/{rel}","templated":true}]}}