{"id":12638,"date":"2026-04-28T13:20:26","date_gmt":"2026-04-28T11:20:26","guid":{"rendered":"https:\/\/nordicamenities.com\/toode\/juuste-kate-ja-kehasampoon-360ml-travel-care-essentials\/"},"modified":"2026-04-28T13:20:27","modified_gmt":"2026-04-28T11:20:27","slug":"juuste-kate-ja-kehasampoon-360ml-travel-care-essentials","status":"publish","type":"product","link":"https:\/\/nordicamenities.com\/fi\/toode\/juuste-kate-ja-kehasampoon-360ml-travel-care-essentials\/","title":{"rendered":"Juuste-, K\u00e4te- ja Keha\u0161ampoon 360ml TRAVEL CARE ESSENTIALS"},"content":{"rendered":"","protected":false},"excerpt":{"rendered":"<p>Juukse- ja kehapesushampoon on rikastatud rukkilille ja Passiflora orgaaniliste ekstraktidege, mis annavad juustele l\u00f5\u00f5gastava ja eluj\u00f5uliseks tunde.<\/p>\n<p>Pudel on valmistatud 100% taskasutatud plastikust<\/p>\n<p>Toodetud ja pakendatud Itaalias!<\/p>\n","protected":false},"featured_media":4542,"comment_status":"closed","ping_status":"open","template":"","meta":{"_acf_changed":false},"product_brand":[],"product_cat":[279,296,295],"product_tag":[194],"class_list":{"0":"post-12638","1":"product","2":"type-product","3":"status-publish","4":"has-post-thumbnail","6":"product_cat-cysoap","7":"product_cat-essentials-cysoap","8":"product_cat-travel-care-essentials","9":"product_tag-juukse-ja-keha","11":"first","12":"instock","13":"taxable","14":"shipping-taxable","15":"purchasable","16":"product-type-simple"},"group_of_quantity":18,"min_quantity":18,"max_quantity":"","exclude_order_quantity_value_rules":"no","exclude_category_quantity_rules":"no","combine_variations":"no","acf":[],"_links":{"self":[{"href":"https:\/\/nordicamenities.com\/fi\/wp-json\/wp\/v2\/product\/12638","targetHints":{"allow":["GET"]}}],"collection":[{"href":"https:\/\/nordicamenities.com\/fi\/wp-json\/wp\/v2\/product"}],"about":[{"href":"https:\/\/nordicamenities.com\/fi\/wp-json\/wp\/v2\/types\/product"}],"replies":[{"embeddable":true,"href":"https:\/\/nordicamenities.com\/fi\/wp-json\/wp\/v2\/comments?post=12638"}],"wp:featuredmedia":[{"embeddable":true,"href":"https:\/\/nordicamenities.com\/fi\/wp-json\/wp\/v2\/media\/4542"}],"wp:attachment":[{"href":"https:\/\/nordicamenities.com\/fi\/wp-json\/wp\/v2\/media?parent=12638"}],"wp:term":[{"taxonomy":"product_brand","embeddable":true,"href":"https:\/\/nordicamenities.com\/fi\/wp-json\/wp\/v2\/product_brand?post=12638"},{"taxonomy":"product_cat","embeddable":true,"href":"https:\/\/nordicamenities.com\/fi\/wp-json\/wp\/v2\/product_cat?post=12638"},{"taxonomy":"product_tag","embeddable":true,"href":"https:\/\/nordicamenities.com\/fi\/wp-json\/wp\/v2\/product_tag?post=12638"}],"curies":[{"name":"wp","href":"https:\/\/api.w.org\/{rel}","templated":true}]}}