{"id":12670,"date":"2026-04-28T13:20:30","date_gmt":"2026-04-28T11:20:30","guid":{"rendered":"https:\/\/nordicamenities.com\/toode\/juuksepalsam-380mlgeneva-guild-suletud\/"},"modified":"2026-04-28T13:20:32","modified_gmt":"2026-04-28T11:20:32","slug":"juuksepalsam-380mlgeneva-guild-suletud","status":"publish","type":"product","link":"https:\/\/nordicamenities.com\/fi\/toode\/juuksepalsam-380mlgeneva-guild-suletud\/","title":{"rendered":"Juuksepalsam 380mlGENEVA GUILD, Suletud"},"content":{"rendered":"","protected":false},"excerpt":{"rendered":"<p>GENEVA GUILD juuksepalsam on rikastatud h\u00fcdrol\u00fc\u00fcsitud siidivalkudega ja kummeli ekstraktidega, mis kaitsevad juukseid, v\u00e4hendab pusasid ja j\u00e4tab juuksed \u00f5rnalt l\u00e4ikivaks.<\/p>\n<p>Toodetud ja pakendatud Itaalias!<\/p>\n","protected":false},"featured_media":4140,"comment_status":"closed","ping_status":"open","template":"","meta":{"_acf_changed":false},"product_brand":[],"product_cat":[297,300,217],"product_tag":[44],"class_list":{"0":"post-12670","1":"product","2":"type-product","3":"status-publish","4":"has-post-thumbnail","6":"product_cat-geneva-guild","7":"product_cat-geneva-guild-pump-dosaator","8":"product_cat-pump-dosaator","9":"product_tag-juuksepalsam","11":"first","12":"instock","13":"taxable","14":"shipping-taxable","15":"purchasable","16":"product-type-simple"},"group_of_quantity":18,"min_quantity":18,"max_quantity":"","exclude_order_quantity_value_rules":"no","exclude_category_quantity_rules":"no","combine_variations":"no","acf":[],"_links":{"self":[{"href":"https:\/\/nordicamenities.com\/fi\/wp-json\/wp\/v2\/product\/12670","targetHints":{"allow":["GET"]}}],"collection":[{"href":"https:\/\/nordicamenities.com\/fi\/wp-json\/wp\/v2\/product"}],"about":[{"href":"https:\/\/nordicamenities.com\/fi\/wp-json\/wp\/v2\/types\/product"}],"replies":[{"embeddable":true,"href":"https:\/\/nordicamenities.com\/fi\/wp-json\/wp\/v2\/comments?post=12670"}],"wp:featuredmedia":[{"embeddable":true,"href":"https:\/\/nordicamenities.com\/fi\/wp-json\/wp\/v2\/media\/4140"}],"wp:attachment":[{"href":"https:\/\/nordicamenities.com\/fi\/wp-json\/wp\/v2\/media?parent=12670"}],"wp:term":[{"taxonomy":"product_brand","embeddable":true,"href":"https:\/\/nordicamenities.com\/fi\/wp-json\/wp\/v2\/product_brand?post=12670"},{"taxonomy":"product_cat","embeddable":true,"href":"https:\/\/nordicamenities.com\/fi\/wp-json\/wp\/v2\/product_cat?post=12670"},{"taxonomy":"product_tag","embeddable":true,"href":"https:\/\/nordicamenities.com\/fi\/wp-json\/wp\/v2\/product_tag?post=12670"}],"curies":[{"name":"wp","href":"https:\/\/api.w.org\/{rel}","templated":true}]}}