{"id":12694,"date":"2026-04-28T13:20:38","date_gmt":"2026-04-28T11:20:38","guid":{"rendered":"https:\/\/nordicamenities.com\/toode\/12m-juukse-ja-kehasampoon-30ml-dadaumpa\/"},"modified":"2026-04-28T13:20:38","modified_gmt":"2026-04-28T11:20:38","slug":"12m-juukse-ja-kehasampoon-30ml-dadaumpa","status":"publish","type":"product","link":"https:\/\/nordicamenities.com\/fi\/toode\/12m-juukse-ja-kehasampoon-30ml-dadaumpa\/","title":{"rendered":"12M+ Juukse- ja Keha\u0161ampoon 30ml DADAUMPA"},"content":{"rendered":"<p>Sertifitseeriud Ecocert Greenlife\u2019i poolt ORGANIC* sertifikaadiga.<br \/>\n*Ecocert Greenlife Cosmos Organic sertifikaadist saab lugeda siit: http:\/\/COSMOS.ecocert.com<\/p>\n<p>Lastearsti j\u00e4revlvalve all tesotatud kliinilised testid.<br \/>\nK\u00f5rge toote taluvus ja terve nahk &#8211; s\u00f5ltumatul labotratoorsel testil 30 beebit vanuses 12 kuu kuni 16 aastat normaalsetes kasutustingimustes 28p\u00e4eva jooksul.<br \/>\nPisarate vaba test:<br \/>\nOftamoloogilise j\u00e4relvalve all teostatud silmade taluvuse test n\u00e4itas \u201c Ei pisaratele\u201d. S\u00f5ltumatu laboratoorne test 20 vabatahtliku (vanuses \u00fcle 18 a.)<\/p>\n","protected":false},"excerpt":{"rendered":"<p>KAITSEB ja TOIDAB<br \/>\nJuuste- ja kehapuhastus geel, mis sobib tervele perele. Koostis sisaldab v\u00e4ga suures ulatuses loodusliku p\u00e4ritolu ja orgaanilielt sertifitseeritu koostiosi. Rikastatud Aloe Vera geeliga, taimse gl\u00fctseriini, mahe kaera ja kummeli ekstraktidega, mis tugevdavad ja suurendavad epidermilist vastiupanu, pakkudes niisutavaid ja kaitsvaid omadusi nii kehale kui ka juustele.<\/p>\n<p>Toodetud ja pakendatud Itaalias!<\/p>\n","protected":false},"featured_media":3854,"comment_status":"closed","ping_status":"open","template":"","meta":{"_acf_changed":false},"product_brand":[],"product_cat":[301],"product_tag":[194],"class_list":{"0":"post-12694","1":"product","2":"type-product","3":"status-publish","4":"has-post-thumbnail","6":"product_cat-dadaumpa","7":"product_tag-juukse-ja-keha","9":"first","10":"instock","11":"taxable","12":"shipping-taxable","13":"purchasable","14":"product-type-simple"},"group_of_quantity":288,"min_quantity":288,"max_quantity":"","exclude_order_quantity_value_rules":"no","exclude_category_quantity_rules":"no","combine_variations":"no","acf":[],"_links":{"self":[{"href":"https:\/\/nordicamenities.com\/fi\/wp-json\/wp\/v2\/product\/12694","targetHints":{"allow":["GET"]}}],"collection":[{"href":"https:\/\/nordicamenities.com\/fi\/wp-json\/wp\/v2\/product"}],"about":[{"href":"https:\/\/nordicamenities.com\/fi\/wp-json\/wp\/v2\/types\/product"}],"replies":[{"embeddable":true,"href":"https:\/\/nordicamenities.com\/fi\/wp-json\/wp\/v2\/comments?post=12694"}],"wp:featuredmedia":[{"embeddable":true,"href":"https:\/\/nordicamenities.com\/fi\/wp-json\/wp\/v2\/media\/3854"}],"wp:attachment":[{"href":"https:\/\/nordicamenities.com\/fi\/wp-json\/wp\/v2\/media?parent=12694"}],"wp:term":[{"taxonomy":"product_brand","embeddable":true,"href":"https:\/\/nordicamenities.com\/fi\/wp-json\/wp\/v2\/product_brand?post=12694"},{"taxonomy":"product_cat","embeddable":true,"href":"https:\/\/nordicamenities.com\/fi\/wp-json\/wp\/v2\/product_cat?post=12694"},{"taxonomy":"product_tag","embeddable":true,"href":"https:\/\/nordicamenities.com\/fi\/wp-json\/wp\/v2\/product_tag?post=12694"}],"curies":[{"name":"wp","href":"https:\/\/api.w.org\/{rel}","templated":true}]}}