{"id":12697,"date":"2026-04-28T13:20:38","date_gmt":"2026-04-28T11:20:38","guid":{"rendered":"https:\/\/nordicamenities.com\/toode\/12m-pehmendav-seep-20g-dadaumpa\/"},"modified":"2026-04-28T13:20:38","modified_gmt":"2026-04-28T11:20:38","slug":"12m-pehmendav-seep-20g-dadaumpa","status":"publish","type":"product","link":"https:\/\/nordicamenities.com\/fi\/toode\/12m-pehmendav-seep-20g-dadaumpa\/","title":{"rendered":"12M+ Pehmendav Seep 20g DADAUMPA"},"content":{"rendered":"<p>Ecocert Greenlife\u2019i poolt ORGANIC* sertifikaadiga sertifitseeritud delikaatse mandli, mee ja roosi aroomiga seep. 78% koostisainetest on p\u00e4rit orgaanilisest p\u00f5llumajandusest ning 100% koostisainetest on naturaalsed.<br \/>\n*Ecocert Greenlife Cosmos Organic sertifikaadist saab lugeda siit: http:\/\/COSMOS.ecocert.com<\/p>\n<p>Lastearsti j\u00e4revlvalve all tesotatud kliinilised testid.<br \/>\nK\u00f5rge toote taluvus ja terve nahk &#8211; s\u00f5ltumatul labotratoorsel testil 20 beebit vanuses 1 kuu kuni 5 aastat normaalsetes kasutustingimustes 30 p\u00e4eva jooksul.<\/p>\n<p>Lastearstide Poolt Testitud<br \/>\nNiisutuseffektiivsus Testitud<br \/>\nKliiniliselt Testitud Tundlikule Nahale<br \/>\nNikkel Testitud<br \/>\nAllergiaid V\u00e4hendav Koostis<br \/>\nVegani S\u00f5bralik<br \/>\nFenoks\u00fcetanooli Vaba<br \/>\nParabeeni Vaba<br \/>\nPetrolatum Vaba<br \/>\nV\u00e4rvainete Vaba<br \/>\nGmo Vaba<\/p>\n","protected":false},"excerpt":{"rendered":"<p>Naturaalne seep \u00f5rnaks ja pehmeks pesuks. Seep on rikastatud orgaanilise magusa mandli \u00f5liga., mis annab nahele m\u00e4rkimisv\u00e4\u00e4rse niisutuse. T\u00e4nu sellele on see sobilik ka pere k\u00f5ige noorematele.<\/p>\n<p>Toodetud ja pakendatud Itaalias!<\/p>\n","protected":false},"featured_media":3844,"comment_status":"closed","ping_status":"open","template":"","meta":{"_acf_changed":false},"product_brand":[],"product_cat":[301],"product_tag":[46],"class_list":{"0":"post-12697","1":"product","2":"type-product","3":"status-publish","4":"has-post-thumbnail","6":"product_cat-dadaumpa","7":"product_tag-seep","9":"first","10":"instock","11":"taxable","12":"shipping-taxable","13":"purchasable","14":"product-type-simple"},"group_of_quantity":250,"min_quantity":250,"max_quantity":"","exclude_order_quantity_value_rules":"no","exclude_category_quantity_rules":"no","combine_variations":"no","acf":[],"_links":{"self":[{"href":"https:\/\/nordicamenities.com\/fi\/wp-json\/wp\/v2\/product\/12697","targetHints":{"allow":["GET"]}}],"collection":[{"href":"https:\/\/nordicamenities.com\/fi\/wp-json\/wp\/v2\/product"}],"about":[{"href":"https:\/\/nordicamenities.com\/fi\/wp-json\/wp\/v2\/types\/product"}],"replies":[{"embeddable":true,"href":"https:\/\/nordicamenities.com\/fi\/wp-json\/wp\/v2\/comments?post=12697"}],"wp:featuredmedia":[{"embeddable":true,"href":"https:\/\/nordicamenities.com\/fi\/wp-json\/wp\/v2\/media\/3844"}],"wp:attachment":[{"href":"https:\/\/nordicamenities.com\/fi\/wp-json\/wp\/v2\/media?parent=12697"}],"wp:term":[{"taxonomy":"product_brand","embeddable":true,"href":"https:\/\/nordicamenities.com\/fi\/wp-json\/wp\/v2\/product_brand?post=12697"},{"taxonomy":"product_cat","embeddable":true,"href":"https:\/\/nordicamenities.com\/fi\/wp-json\/wp\/v2\/product_cat?post=12697"},{"taxonomy":"product_tag","embeddable":true,"href":"https:\/\/nordicamenities.com\/fi\/wp-json\/wp\/v2\/product_tag?post=12697"}],"curies":[{"name":"wp","href":"https:\/\/api.w.org\/{rel}","templated":true}]}}