{"id":12700,"date":"2026-04-28T13:20:38","date_gmt":"2026-04-28T11:20:38","guid":{"rendered":"https:\/\/nordicamenities.com\/toode\/dusigeel-30ml-galimard-1747\/"},"modified":"2026-04-28T13:20:39","modified_gmt":"2026-04-28T11:20:39","slug":"dusigeel-30ml-galimard-1747","status":"publish","type":"product","link":"https:\/\/nordicamenities.com\/fi\/toode\/dusigeel-30ml-galimard-1747\/","title":{"rendered":"Du\u0161igeel 30ml GALIMARD &#8221;1747&#8221;"},"content":{"rendered":"<p>GALIMARD \u2013 THE BRAND<br \/>\nJean de Galimard elas 1747. aastal Grasse\u2019s, kus ta l\u00f5i Parfumerie Galimard\u2019i. Kinda- ja parf\u00fc\u00fcmi tehase asutajana, Jean varustas Louis\u2019i, armastatud Prantsusmaa kuningas, oliivi\u00f5li, pomade ja parf\u00fc\u00fcmidega. Kuna parf\u00fc\u00fcme kasutati enamasti moodsate kinnaste l\u00f5hnastamiseks, kasvasid t\u00f6\u00f6stused s\u00f5na otseses m\u00f5ttes k\u00e4sik\u00e4es. Juba \u00fcle 268 aasta on Parfumeire Galimard j\u00e4lginud samu traditsioone ja kasutab tootmises  samu protsesse, mis tegid Galimard\u2019I nime kuulsaks.<\/p>\n","protected":false},"excerpt":{"rendered":"<p>GALIMARD &#8211; ALATES AASTAST 1747<br \/>\nAroom, mis paljastab elutruu l\u00f5\u00f5gastava moe, nii meestele kui naistele.<br \/>\nNagu ka minevikus on tootesarja koostise looduslikud allikad p\u00e4rit Grasse\u2019st (Prantsusmaa): jasmiin, roos, lavendel, tuberose\u2026kust saadakse kogu rikkalik aroom. Suurep\u00e4raelt v\u00e4rskendav sidrunheina ja bergamondi kooslus koos v\u00e4rskendava sitruse aroomiga on delikaatne s\u00fcda, mis on p\u00f5imtud koos \u00f5rna kardemoni ja basiiliku aroomiga, millele on lisatud jasmiini ja t\u00fc\u00fcmiani \u201ctouch\u201d.<\/p>\n","protected":false},"featured_media":3920,"comment_status":"closed","ping_status":"open","template":"","meta":{"_acf_changed":false},"product_brand":[],"product_cat":[302],"product_tag":[43],"class_list":{"0":"post-12700","1":"product","2":"type-product","3":"status-publish","4":"has-post-thumbnail","6":"product_cat-galimard","7":"product_tag-dusigeel","9":"first","10":"instock","11":"taxable","12":"shipping-taxable","13":"purchasable","14":"product-type-simple"},"group_of_quantity":300,"min_quantity":300,"max_quantity":"","exclude_order_quantity_value_rules":"no","exclude_category_quantity_rules":"no","combine_variations":"no","acf":[],"_links":{"self":[{"href":"https:\/\/nordicamenities.com\/fi\/wp-json\/wp\/v2\/product\/12700","targetHints":{"allow":["GET"]}}],"collection":[{"href":"https:\/\/nordicamenities.com\/fi\/wp-json\/wp\/v2\/product"}],"about":[{"href":"https:\/\/nordicamenities.com\/fi\/wp-json\/wp\/v2\/types\/product"}],"replies":[{"embeddable":true,"href":"https:\/\/nordicamenities.com\/fi\/wp-json\/wp\/v2\/comments?post=12700"}],"wp:featuredmedia":[{"embeddable":true,"href":"https:\/\/nordicamenities.com\/fi\/wp-json\/wp\/v2\/media\/3920"}],"wp:attachment":[{"href":"https:\/\/nordicamenities.com\/fi\/wp-json\/wp\/v2\/media?parent=12700"}],"wp:term":[{"taxonomy":"product_brand","embeddable":true,"href":"https:\/\/nordicamenities.com\/fi\/wp-json\/wp\/v2\/product_brand?post=12700"},{"taxonomy":"product_cat","embeddable":true,"href":"https:\/\/nordicamenities.com\/fi\/wp-json\/wp\/v2\/product_cat?post=12700"},{"taxonomy":"product_tag","embeddable":true,"href":"https:\/\/nordicamenities.com\/fi\/wp-json\/wp\/v2\/product_tag?post=12700"}],"curies":[{"name":"wp","href":"https:\/\/api.w.org\/{rel}","templated":true}]}}