{"id":12721,"date":"2026-04-28T13:20:42","date_gmt":"2026-04-28T11:20:42","guid":{"rendered":"https:\/\/nordicamenities.com\/toode\/sampoon-30ml-acca-kappa\/"},"modified":"2026-04-28T13:20:43","modified_gmt":"2026-04-28T11:20:43","slug":"sampoon-30ml-acca-kappa","status":"publish","type":"product","link":"https:\/\/nordicamenities.com\/fi\/toode\/sampoon-30ml-acca-kappa\/","title":{"rendered":"\u0160ampoon 30ml ACCA KAPPA"},"content":{"rendered":"<p>ACCA KAPPA \u2013 THE BRAND<br \/>\nAcca Kappa on globaalselt tunnustaud nishi brand, mis on luksuse ja usaldusv\u00e4\u00e4rsuse s\u00fcnon\u00fc\u00fcmisks. Itaalia perefirma, mille juured ulatuvad tagasi aastasse 1869. Acca Kappa on t\u00e4nap\u00e4eva maailma \u00fcks juhtivaid kosmeetika tootjaid t\u00e4nu oma toodete kvaliteedile, mis s\u00fcnnivad t\u00e4nu unikaalsele meisterlikkusele &#8211; osa maitsest, kuluurist ja t\u00e4iuslikkusest, mis on aluseks \u201cMade in Italy\u201d m\u00e4rgile.<\/p>\n","protected":false},"excerpt":{"rendered":"<p>ACCA KAPPA \u2013 ITAALIA ILU LEGEND<br \/>\nHotellikosmeetika sari on inspireritud Giallo Elicriso parf\u00fc\u00fcmide sarjast, mida iseloomustab rafineeritud aroomid. Kosmeetikasari on spetsiaalselt loodud, et see oleks nahale meeldiv ja delikaatne.<br \/>\nAdria mere idaosa ja selle tuhanded saared on \u00fcks ACCA KAPPA hinge Elisa Gera lemmikkohti. Loodus on siin kivine ja p\u00e4ikseline \u2013 ideaalne elukeskkond k\u00e4okullale \u2013 h\u00f5bedaste roheliste lehtedega ja kuldse \u00f5isikuga. Maagiline, terav ja ainulaadne parf\u00fc\u00fcm \u2013 t\u00f5eline looduse kingitus.<br \/>\nJust siin oli Elisa lummatud sellest Vahemere taime orginaalsest ja rafineeritud aroomist, millest ACCA KAPPA parf\u00fc\u00fcmimeistrid valmistasid GIALLO ELIGRISO parf\u00fc\u00fcmisarja.<\/p>\n","protected":false},"featured_media":5718,"comment_status":"closed","ping_status":"open","template":"","meta":{"_acf_changed":false},"product_brand":[],"product_cat":[305],"product_tag":[42],"class_list":{"0":"post-12721","1":"product","2":"type-product","3":"status-publish","4":"has-post-thumbnail","6":"product_cat-acca-kappa","7":"product_tag-sampoon","9":"first","10":"instock","11":"taxable","12":"shipping-taxable","13":"purchasable","14":"product-type-simple"},"group_of_quantity":216,"min_quantity":216,"max_quantity":"","exclude_order_quantity_value_rules":"no","exclude_category_quantity_rules":"no","combine_variations":"no","acf":[],"_links":{"self":[{"href":"https:\/\/nordicamenities.com\/fi\/wp-json\/wp\/v2\/product\/12721","targetHints":{"allow":["GET"]}}],"collection":[{"href":"https:\/\/nordicamenities.com\/fi\/wp-json\/wp\/v2\/product"}],"about":[{"href":"https:\/\/nordicamenities.com\/fi\/wp-json\/wp\/v2\/types\/product"}],"replies":[{"embeddable":true,"href":"https:\/\/nordicamenities.com\/fi\/wp-json\/wp\/v2\/comments?post=12721"}],"wp:featuredmedia":[{"embeddable":true,"href":"https:\/\/nordicamenities.com\/fi\/wp-json\/wp\/v2\/media\/5718"}],"wp:attachment":[{"href":"https:\/\/nordicamenities.com\/fi\/wp-json\/wp\/v2\/media?parent=12721"}],"wp:term":[{"taxonomy":"product_brand","embeddable":true,"href":"https:\/\/nordicamenities.com\/fi\/wp-json\/wp\/v2\/product_brand?post=12721"},{"taxonomy":"product_cat","embeddable":true,"href":"https:\/\/nordicamenities.com\/fi\/wp-json\/wp\/v2\/product_cat?post=12721"},{"taxonomy":"product_tag","embeddable":true,"href":"https:\/\/nordicamenities.com\/fi\/wp-json\/wp\/v2\/product_tag?post=12721"}],"curies":[{"name":"wp","href":"https:\/\/api.w.org\/{rel}","templated":true}]}}