{"id":12733,"date":"2026-04-28T13:20:42","date_gmt":"2026-04-28T11:20:42","guid":{"rendered":"https:\/\/nordicamenities.com\/toode\/taimneseep-15g-geneva-green\/"},"modified":"2026-04-28T13:20:44","modified_gmt":"2026-04-28T11:20:44","slug":"taimneseep-15g-geneva-green","status":"publish","type":"product","link":"https:\/\/nordicamenities.com\/fi\/toode\/taimneseep-15g-geneva-green\/","title":{"rendered":"Taimneseep 15g GENEVA GREEN"},"content":{"rendered":"","protected":false},"excerpt":{"rendered":"<p>GENEVA GREEN&#8217;i taimne seep on ideaalne kehahoolitsus seep igap\u00e4evaseks kasutamiseks. Seebi \u00f5rn puhastav toime annab teie nahale puhta ja v\u00e4rske tunde.<\/p>\n<p>Toodetud ja pakendatud Itaalias!<br \/>\nPakend on 100% taaskasutav &#8211;  \u2013 k\u00f5ik pr\u00fcgi ei pea sattuma pr\u00fcgilasse.<\/p>\n","protected":false},"featured_media":3992,"comment_status":"closed","ping_status":"open","template":"","meta":{"_acf_changed":false},"product_brand":[],"product_cat":[307],"product_tag":[46],"class_list":{"0":"post-12733","1":"product","2":"type-product","3":"status-publish","4":"has-post-thumbnail","6":"product_cat-geneva-green","7":"product_tag-seep","9":"first","10":"instock","11":"taxable","12":"shipping-taxable","13":"purchasable","14":"product-type-simple"},"group_of_quantity":300,"min_quantity":300,"max_quantity":"","exclude_order_quantity_value_rules":"no","exclude_category_quantity_rules":"no","combine_variations":"no","acf":[],"_links":{"self":[{"href":"https:\/\/nordicamenities.com\/fi\/wp-json\/wp\/v2\/product\/12733","targetHints":{"allow":["GET"]}}],"collection":[{"href":"https:\/\/nordicamenities.com\/fi\/wp-json\/wp\/v2\/product"}],"about":[{"href":"https:\/\/nordicamenities.com\/fi\/wp-json\/wp\/v2\/types\/product"}],"replies":[{"embeddable":true,"href":"https:\/\/nordicamenities.com\/fi\/wp-json\/wp\/v2\/comments?post=12733"}],"wp:featuredmedia":[{"embeddable":true,"href":"https:\/\/nordicamenities.com\/fi\/wp-json\/wp\/v2\/media\/3992"}],"wp:attachment":[{"href":"https:\/\/nordicamenities.com\/fi\/wp-json\/wp\/v2\/media?parent=12733"}],"wp:term":[{"taxonomy":"product_brand","embeddable":true,"href":"https:\/\/nordicamenities.com\/fi\/wp-json\/wp\/v2\/product_brand?post=12733"},{"taxonomy":"product_cat","embeddable":true,"href":"https:\/\/nordicamenities.com\/fi\/wp-json\/wp\/v2\/product_cat?post=12733"},{"taxonomy":"product_tag","embeddable":true,"href":"https:\/\/nordicamenities.com\/fi\/wp-json\/wp\/v2\/product_tag?post=12733"}],"curies":[{"name":"wp","href":"https:\/\/api.w.org\/{rel}","templated":true}]}}