{"id":12745,"date":"2026-04-28T13:20:46","date_gmt":"2026-04-28T11:20:46","guid":{"rendered":"https:\/\/nordicamenities.com\/toode\/juuksepalsam-370ml-geneva-green-suletud\/"},"modified":"2026-04-28T13:20:48","modified_gmt":"2026-04-28T11:20:48","slug":"juuksepalsam-370ml-geneva-green-suletud","status":"publish","type":"product","link":"https:\/\/nordicamenities.com\/fi\/toode\/juuksepalsam-370ml-geneva-green-suletud\/","title":{"rendered":"Juuksepalsam 370ml GENEVA GREEN, Suletud"},"content":{"rendered":"<p>Pakendi spetsifikatsioonid:<br \/>\nPUDELID on valmistatud 100% taaskasutatud PET-st *<br \/>\n* V\u00e4limus v\u00f5ib erineda t\u00e4nu 100% taaskasutaud materjali ebapuhtusest.<br \/>\nKORGID on valmistatud 100% taaskasutatud PP-st *<br \/>\n* V\u00e4limuse erinevused on tingitud 100% taaskasutatud materjali kasutamisest. V\u00e4rvide vaheldumine ja\u201d k\u00f5ikumine\u201d on taaskasutatud plastiku kasutamise ilus k\u00f5rvaleffekt.<br \/>\nETIKETT: V\u00e4iksem etikett, mis on parem taaskasutmisel ja v\u00e4hendab materjalide kulu. Etikett on valmistatud spetsiaalsest matejalist, mis on taaskasutamisel h\u00f5lpsasti eemaldatv.<\/p>\n<p>T\u00e4nu taaskasutatud materjalide kasutamisele s\u00e4\u00e4stame 83%* CO2 heitmekogusest v\u00f5rreldes tavap\u00e4rasest pudelite ja korkide tootmisega.<\/p>\n<p>*Need andmed on saadud t\u00e4nud LCA (Life Cycle Assessment) arvutamisele v\u00f5rreldes taaskasutatud PET ja PP ning uute plastiku kasutamist.<br \/>\nK\u00f5ik pakendid on 100% taaskasutatavad \u2013 k\u00f5ik pr\u00fcgi ei pea sattuma pr\u00fcgilasse.<\/p>\n","protected":false},"excerpt":{"rendered":"<p>GENEVA GREEN juuksepalsam on rikastatud puhaststud keratiini ja kummeli ekstraktidega.<\/p>\n<p>Toodetud ja pakendatud Itaalias!<\/p>\n","protected":false},"featured_media":4030,"comment_status":"closed","ping_status":"open","template":"","meta":{"_acf_changed":false},"product_brand":[],"product_cat":[307,309,217],"product_tag":[44],"class_list":{"0":"post-12745","1":"product","2":"type-product","3":"status-publish","4":"has-post-thumbnail","6":"product_cat-geneva-green","7":"product_cat-geneva-green-pump-dosaator","8":"product_cat-pump-dosaator","9":"product_tag-juuksepalsam","11":"first","12":"instock","13":"taxable","14":"shipping-taxable","15":"purchasable","16":"product-type-simple"},"group_of_quantity":18,"min_quantity":18,"max_quantity":"","exclude_order_quantity_value_rules":"no","exclude_category_quantity_rules":"no","combine_variations":"no","acf":[],"_links":{"self":[{"href":"https:\/\/nordicamenities.com\/fi\/wp-json\/wp\/v2\/product\/12745","targetHints":{"allow":["GET"]}}],"collection":[{"href":"https:\/\/nordicamenities.com\/fi\/wp-json\/wp\/v2\/product"}],"about":[{"href":"https:\/\/nordicamenities.com\/fi\/wp-json\/wp\/v2\/types\/product"}],"replies":[{"embeddable":true,"href":"https:\/\/nordicamenities.com\/fi\/wp-json\/wp\/v2\/comments?post=12745"}],"wp:featuredmedia":[{"embeddable":true,"href":"https:\/\/nordicamenities.com\/fi\/wp-json\/wp\/v2\/media\/4030"}],"wp:attachment":[{"href":"https:\/\/nordicamenities.com\/fi\/wp-json\/wp\/v2\/media?parent=12745"}],"wp:term":[{"taxonomy":"product_brand","embeddable":true,"href":"https:\/\/nordicamenities.com\/fi\/wp-json\/wp\/v2\/product_brand?post=12745"},{"taxonomy":"product_cat","embeddable":true,"href":"https:\/\/nordicamenities.com\/fi\/wp-json\/wp\/v2\/product_cat?post=12745"},{"taxonomy":"product_tag","embeddable":true,"href":"https:\/\/nordicamenities.com\/fi\/wp-json\/wp\/v2\/product_tag?post=12745"}],"curies":[{"name":"wp","href":"https:\/\/api.w.org\/{rel}","templated":true}]}}