{"id":12794,"date":"2026-04-28T13:20:57","date_gmt":"2026-04-28T11:20:57","guid":{"rendered":"https:\/\/nordicamenities.com\/toode\/dusigeel-35ml-guest-love\/"},"modified":"2026-04-28T13:20:57","modified_gmt":"2026-04-28T11:20:57","slug":"dusigeel-35ml-guest-love","status":"publish","type":"product","link":"https:\/\/nordicamenities.com\/fi\/toode\/dusigeel-35ml-guest-love\/","title":{"rendered":"Du\u0161igeel 35ml GUEST LOVE"},"content":{"rendered":"","protected":false},"excerpt":{"rendered":"<p>Guest Love Du\u0161igeel on rikastatud h\u00f5lmikpuu ekstraktidega, mis tagavad nahale v\u00e4rskendava ja stimuleeriva pesu igal kasutuskorral.<\/p>\n<p>Toodetud ja pakendatud Itaalias<\/p>\n","protected":false},"featured_media":5642,"comment_status":"closed","ping_status":"open","template":"","meta":{"_acf_changed":false},"product_brand":[],"product_cat":[353],"product_tag":[43],"class_list":{"0":"post-12794","1":"product","2":"type-product","3":"status-publish","4":"has-post-thumbnail","6":"product_cat-guest-love","7":"product_tag-dusigeel","9":"first","10":"instock","11":"taxable","12":"shipping-taxable","13":"purchasable","14":"product-type-simple"},"group_of_quantity":240,"min_quantity":240,"max_quantity":"","exclude_order_quantity_value_rules":"no","exclude_category_quantity_rules":"no","combine_variations":"no","acf":[],"_links":{"self":[{"href":"https:\/\/nordicamenities.com\/fi\/wp-json\/wp\/v2\/product\/12794","targetHints":{"allow":["GET"]}}],"collection":[{"href":"https:\/\/nordicamenities.com\/fi\/wp-json\/wp\/v2\/product"}],"about":[{"href":"https:\/\/nordicamenities.com\/fi\/wp-json\/wp\/v2\/types\/product"}],"replies":[{"embeddable":true,"href":"https:\/\/nordicamenities.com\/fi\/wp-json\/wp\/v2\/comments?post=12794"}],"wp:featuredmedia":[{"embeddable":true,"href":"https:\/\/nordicamenities.com\/fi\/wp-json\/wp\/v2\/media\/5642"}],"wp:attachment":[{"href":"https:\/\/nordicamenities.com\/fi\/wp-json\/wp\/v2\/media?parent=12794"}],"wp:term":[{"taxonomy":"product_brand","embeddable":true,"href":"https:\/\/nordicamenities.com\/fi\/wp-json\/wp\/v2\/product_brand?post=12794"},{"taxonomy":"product_cat","embeddable":true,"href":"https:\/\/nordicamenities.com\/fi\/wp-json\/wp\/v2\/product_cat?post=12794"},{"taxonomy":"product_tag","embeddable":true,"href":"https:\/\/nordicamenities.com\/fi\/wp-json\/wp\/v2\/product_tag?post=12794"}],"curies":[{"name":"wp","href":"https:\/\/api.w.org\/{rel}","templated":true}]}}