{"id":12811,"date":"2026-04-28T13:20:57","date_gmt":"2026-04-28T11:20:57","guid":{"rendered":"https:\/\/nordicamenities.com\/toode\/juukse-ja-kehashampoon-5l-guest-love\/"},"modified":"2026-04-28T13:20:59","modified_gmt":"2026-04-28T11:20:59","slug":"juukse-ja-kehashampoon-5l-guest-love","status":"publish","type":"product","link":"https:\/\/nordicamenities.com\/fi\/toode\/juukse-ja-kehashampoon-5l-guest-love\/","title":{"rendered":"Juukse- Ja Kehashampoon 5L GUEST LOVE"},"content":{"rendered":"","protected":false},"excerpt":{"rendered":"<p>Juukse- ja kehapesushampoon on rikastatud rukkilille ja Passiflora orgaaniliste ekstraktidege, mis annavad juustele l\u00f5\u00f5gastava ja eluj\u00f5uliseks tunde.<\/p>\n<p>Toodetud ja pakendatud Itaalias<\/p>\n","protected":false},"featured_media":9278,"comment_status":"closed","ping_status":"open","template":"","meta":{"_acf_changed":false},"product_brand":[],"product_cat":[353],"product_tag":[194],"class_list":{"0":"post-12811","1":"product","2":"type-product","3":"status-publish","4":"has-post-thumbnail","6":"product_cat-guest-love","7":"product_tag-juukse-ja-keha","9":"first","10":"instock","11":"taxable","12":"shipping-taxable","13":"purchasable","14":"product-type-simple"},"group_of_quantity":2,"min_quantity":2,"max_quantity":"","exclude_order_quantity_value_rules":"no","exclude_category_quantity_rules":"no","combine_variations":"no","acf":[],"_links":{"self":[{"href":"https:\/\/nordicamenities.com\/fi\/wp-json\/wp\/v2\/product\/12811","targetHints":{"allow":["GET"]}}],"collection":[{"href":"https:\/\/nordicamenities.com\/fi\/wp-json\/wp\/v2\/product"}],"about":[{"href":"https:\/\/nordicamenities.com\/fi\/wp-json\/wp\/v2\/types\/product"}],"replies":[{"embeddable":true,"href":"https:\/\/nordicamenities.com\/fi\/wp-json\/wp\/v2\/comments?post=12811"}],"wp:featuredmedia":[{"embeddable":true,"href":"https:\/\/nordicamenities.com\/fi\/wp-json\/wp\/v2\/media\/9278"}],"wp:attachment":[{"href":"https:\/\/nordicamenities.com\/fi\/wp-json\/wp\/v2\/media?parent=12811"}],"wp:term":[{"taxonomy":"product_brand","embeddable":true,"href":"https:\/\/nordicamenities.com\/fi\/wp-json\/wp\/v2\/product_brand?post=12811"},{"taxonomy":"product_cat","embeddable":true,"href":"https:\/\/nordicamenities.com\/fi\/wp-json\/wp\/v2\/product_cat?post=12811"},{"taxonomy":"product_tag","embeddable":true,"href":"https:\/\/nordicamenities.com\/fi\/wp-json\/wp\/v2\/product_tag?post=12811"}],"curies":[{"name":"wp","href":"https:\/\/api.w.org\/{rel}","templated":true}]}}