{"id":12826,"date":"2026-04-28T13:21:01","date_gmt":"2026-04-28T11:21:01","guid":{"rendered":"https:\/\/nordicamenities.com\/toode\/dusigeel-370ml-itinera-suletud\/"},"modified":"2026-04-28T13:21:02","modified_gmt":"2026-04-28T11:21:02","slug":"dusigeel-370ml-itinera-suletud","status":"publish","type":"product","link":"https:\/\/nordicamenities.com\/fi\/toode\/dusigeel-370ml-itinera-suletud\/","title":{"rendered":"Du\u0161igeel 370ml, ITINERA, Suletud"},"content":{"rendered":"<p>Territoorium<br \/>\nToscana m\u00e4gede viinamarjaistandustest p\u00e4rinevad punased viinamarjad, mille ekstraktid koos Trentino \u00f5unte, Amalfi rannikult p\u00e4rit sidrunite ja Po oru nisukliidega, on tuntud oma pehmendavate, toniseerivate ja nahka taastavate omaduste poolest ning rikastavad igat kehapesu.<\/p>\n<p>V\u00dcRTSID, MUSKUS, PUUVILJAD, VANILJE.<br \/>\nPunased viinamarjad: &#8221;K\u00f5ndides l\u00e4bi viinamarjaistanduse p\u00e4ikeseloojangul karges septembrikuu \u00f5hus, korv k\u00e4es, \u00fcmbritsetud k\u00fcpsete vanillil\u00f5hnaliste viinamarjade magusast l\u00f5hnast. Viljaliha, peaaegu koristamiseks valmis. Ere m\u00e4lestus k\u00fcpsest v\u00fcrtsikast aastaajast, keldritest ja k\u00e4\u00e4rivast virdest. P\u00f5llul kohtub puuviljal\u00f5hn v\u00f5rsete p\u00fcsivate puidunootidega, \u00f5htuse vihmaga niisutatud laastude magus destillatsioon, mis v\u00e4rskendab kivide vahele peidetud sammalt.<\/p>\n","protected":false},"excerpt":{"rendered":"<p>Nahka siluv du\u0161igeel Toskaana punaste viinamarjadega.<br \/>\nSisaldab AHA puuviljahapet. (370 ml)<\/p>\n<p>Toodetud ja pakendatud Itaalias.<br \/>\nPudel on valmistatud 100% taaskasutatud plastikust<\/p>\n","protected":false},"featured_media":8954,"comment_status":"closed","ping_status":"open","template":"","meta":{"_acf_changed":false},"product_brand":[],"product_cat":[376],"product_tag":[43],"class_list":{"0":"post-12826","1":"product","2":"type-product","3":"status-publish","4":"has-post-thumbnail","6":"product_cat-itinera-for-hotel","7":"product_tag-dusigeel","9":"first","10":"instock","11":"taxable","12":"shipping-taxable","13":"purchasable","14":"product-type-simple"},"group_of_quantity":18,"min_quantity":18,"max_quantity":"","exclude_order_quantity_value_rules":"no","exclude_category_quantity_rules":"no","combine_variations":"no","acf":[],"_links":{"self":[{"href":"https:\/\/nordicamenities.com\/fi\/wp-json\/wp\/v2\/product\/12826","targetHints":{"allow":["GET"]}}],"collection":[{"href":"https:\/\/nordicamenities.com\/fi\/wp-json\/wp\/v2\/product"}],"about":[{"href":"https:\/\/nordicamenities.com\/fi\/wp-json\/wp\/v2\/types\/product"}],"replies":[{"embeddable":true,"href":"https:\/\/nordicamenities.com\/fi\/wp-json\/wp\/v2\/comments?post=12826"}],"wp:featuredmedia":[{"embeddable":true,"href":"https:\/\/nordicamenities.com\/fi\/wp-json\/wp\/v2\/media\/8954"}],"wp:attachment":[{"href":"https:\/\/nordicamenities.com\/fi\/wp-json\/wp\/v2\/media?parent=12826"}],"wp:term":[{"taxonomy":"product_brand","embeddable":true,"href":"https:\/\/nordicamenities.com\/fi\/wp-json\/wp\/v2\/product_brand?post=12826"},{"taxonomy":"product_cat","embeddable":true,"href":"https:\/\/nordicamenities.com\/fi\/wp-json\/wp\/v2\/product_cat?post=12826"},{"taxonomy":"product_tag","embeddable":true,"href":"https:\/\/nordicamenities.com\/fi\/wp-json\/wp\/v2\/product_tag?post=12826"}],"curies":[{"name":"wp","href":"https:\/\/api.w.org\/{rel}","templated":true}]}}