{"id":12834,"date":"2026-04-28T13:21:05","date_gmt":"2026-04-28T11:21:05","guid":{"rendered":"https:\/\/nordicamenities.com\/toode\/juukse-ja-kehasampoon-370ml-itinera-taidetav\/"},"modified":"2026-04-28T13:21:05","modified_gmt":"2026-04-28T11:21:05","slug":"juukse-ja-kehasampoon-370ml-itinera-taidetav","status":"publish","type":"product","link":"https:\/\/nordicamenities.com\/fi\/toode\/juukse-ja-kehasampoon-370ml-itinera-taidetav\/","title":{"rendered":"Juukse- ja Keha\u0161ampoon 370ml, ITINERA, T\u00e4idetav"},"content":{"rendered":"<p>M\u00f5ruapelsin kasvab ja valmib Vahemere ainulaadses kliimas, mida iseloomustab lopsakas, l\u00f5hnav ja v\u00e4rviline taimestik. Selle omadused muudavad selle suurep\u00e4raseks, v\u00e4rskendavaks ja energiat andvaks nahapalsamiks. Meie \u0161ampoonis kasutatakse selle maitsva apelsini koorte ekstrakte koos taimsete pindaktiivsete ainetega, et pesta \u00f5rnalt ka k\u00f5ige tundlikumat nahka. See valem, mis sisaldab 95% looduslikke koostisosi, muudab juuksed silman\u00e4htavalt tervemaks. Selle loomulikult v\u00e4rske parf\u00fc\u00fcmi on segu intensiivsetest, kuid \u00f5rnalt l\u00f5hnavatest tsitrusviljadest, mis ammutavad j\u00f5udu Sitsiilia pinnasest. V\u00e4rvus on toote loomulik omadus ning k\u00f5ik v\u00e4rvi- ja l\u00f5hnamuutused ei muuda selle toote omadusi, kuna need on tingitud looduslike orgaaniliste ainete olemasolust.<\/p>\n<p>TSITRUSELINE, V\u00c4RSKE, AROMAATNE, PUIDUNE.<br \/>\nEau D\u2019orange: \u201cEbatavaline, v\u00e4rske, turgutav, energiat andev. Virgutav nagu ilus talvetaevas, eufooriliselt kerge. \u00d5itsevad pungad, uue kevadise aja pidurdamatu energia, igatsus pikkade l\u00f5hnavate \u00f6\u00f6de j\u00e4rele.<\/p>\n","protected":false},"excerpt":{"rendered":"<p>Igap\u00e4evane taastav juukse- ja keha\u0161ampoon Sitsiilia m\u00f5ru apelsiniga eluj\u00f5uliste ja tervete juuste jaok<\/p>\n<p>Toodetud ja pakendatud Itaalias.<br \/>\nPudel on valmistatud 100% taaskasutatud plastikust<\/p>\n","protected":false},"featured_media":8958,"comment_status":"closed","ping_status":"open","template":"","meta":{"_acf_changed":false},"product_brand":[],"product_cat":[376],"product_tag":[194],"class_list":{"0":"post-12834","1":"product","2":"type-product","3":"status-publish","4":"has-post-thumbnail","6":"product_cat-itinera-for-hotel","7":"product_tag-juukse-ja-keha","9":"first","10":"instock","11":"taxable","12":"shipping-taxable","13":"purchasable","14":"product-type-simple"},"group_of_quantity":18,"min_quantity":18,"max_quantity":"","exclude_order_quantity_value_rules":"no","exclude_category_quantity_rules":"no","combine_variations":"no","acf":[],"_links":{"self":[{"href":"https:\/\/nordicamenities.com\/fi\/wp-json\/wp\/v2\/product\/12834","targetHints":{"allow":["GET"]}}],"collection":[{"href":"https:\/\/nordicamenities.com\/fi\/wp-json\/wp\/v2\/product"}],"about":[{"href":"https:\/\/nordicamenities.com\/fi\/wp-json\/wp\/v2\/types\/product"}],"replies":[{"embeddable":true,"href":"https:\/\/nordicamenities.com\/fi\/wp-json\/wp\/v2\/comments?post=12834"}],"wp:featuredmedia":[{"embeddable":true,"href":"https:\/\/nordicamenities.com\/fi\/wp-json\/wp\/v2\/media\/8958"}],"wp:attachment":[{"href":"https:\/\/nordicamenities.com\/fi\/wp-json\/wp\/v2\/media?parent=12834"}],"wp:term":[{"taxonomy":"product_brand","embeddable":true,"href":"https:\/\/nordicamenities.com\/fi\/wp-json\/wp\/v2\/product_brand?post=12834"},{"taxonomy":"product_cat","embeddable":true,"href":"https:\/\/nordicamenities.com\/fi\/wp-json\/wp\/v2\/product_cat?post=12834"},{"taxonomy":"product_tag","embeddable":true,"href":"https:\/\/nordicamenities.com\/fi\/wp-json\/wp\/v2\/product_tag?post=12834"}],"curies":[{"name":"wp","href":"https:\/\/api.w.org\/{rel}","templated":true}]}}