{"id":12835,"date":"2026-04-28T13:21:05","date_gmt":"2026-04-28T11:21:05","guid":{"rendered":"https:\/\/nordicamenities.com\/toode\/sampoon-370ml-itinera-taidetav\/"},"modified":"2026-04-28T13:21:05","modified_gmt":"2026-04-28T11:21:05","slug":"sampoon-370ml-itinera-taidetav","status":"publish","type":"product","link":"https:\/\/nordicamenities.com\/fi\/toode\/sampoon-370ml-itinera-taidetav\/","title":{"rendered":"\u0160ampoon 370ml, ITINERA, T\u00e4idetav"},"content":{"rendered":"<p>Pavia on Itaalia provints, kus on k\u00f5rgeim riisikasvatusprotsent ja juhtiv tootja nii riiklikul kui ka Euroopa tasandil.<\/p>\n<p>PIIM, VANILL, MUSK, ROHELINE<br \/>\nEau de Riz: \u201cMagusate ja \u00f5rnade n\u00fcanssidega paitus. Suigutav puhta v\u00e4rskuse tunne. Nahal\u00f5hn p\u00e4rast vaniljevanni. Jasmiini unen\u00e4oline l\u00e4ige \u00f6\u00f6sel. Uus koit, meelte \u00e4rkamine.<\/p>\n<p>Pudel on valmistatud taaskasutatud PET-st, pakend on taaskasutatav.<\/p>\n<p>Toodetud ja pakendatud Itaalias.<br \/>\nM\u00f5\u00f5dud: 6 x 18,5 cm<\/p>\n<p>Vegan s\u00f5bralik<\/p>\n","protected":false},"excerpt":{"rendered":"<p>Pavia fermenteeritud riisiga \u0161ampoon, t\u00e4iuslik siledus sirgetele juustele.<\/p>\n<p>Kui teadus ja tehnoloogia kohtuvad traditsioonidega, on tulemus t\u00f5eliselt ainulaadne.<br \/>\nSiidise \u0161ampooni p\u00f5hikoostisosa on iidsest idamaise ilurituaalist p\u00e4rit k\u00e4\u00e4ritatud riisivesi. K\u00e4\u00e4ritamise teel t\u00e4iustatud riisivesi on rikas toitainetest nagu B-, C-, E-vitamiinid ja asendamatud mineraalsed liivaaminohapped, mis on t\u00f5husad niiskuse s\u00e4ilitamisel ja seel\u00e4bi juuste l\u00e4ikivana hoidmisel. Valemis kasutatav uuenduslik mitteagressiivsete pindaktiivsete ainete segu on rikastatud taimse p\u00e4ritoluga aminohapetega, millel on s\u00e4risemisvastased omadused, hoides juuksed l\u00e4ikivana ja kergesti kammitavatena.<\/p>\n<p>Toodetud ja pakendatud Itaalias.<br \/>\nPudel on valmistatud 100% taaskasutatud plastikust<\/p>\n","protected":false},"featured_media":8974,"comment_status":"closed","ping_status":"open","template":"","meta":{"_acf_changed":false},"product_brand":[],"product_cat":[376],"product_tag":[42],"class_list":{"0":"post-12835","1":"product","2":"type-product","3":"status-publish","4":"has-post-thumbnail","6":"product_cat-itinera-for-hotel","7":"product_tag-sampoon","9":"first","10":"instock","11":"taxable","12":"shipping-taxable","13":"purchasable","14":"product-type-simple"},"group_of_quantity":18,"min_quantity":18,"max_quantity":"","exclude_order_quantity_value_rules":"no","exclude_category_quantity_rules":"no","combine_variations":"no","acf":[],"_links":{"self":[{"href":"https:\/\/nordicamenities.com\/fi\/wp-json\/wp\/v2\/product\/12835","targetHints":{"allow":["GET"]}}],"collection":[{"href":"https:\/\/nordicamenities.com\/fi\/wp-json\/wp\/v2\/product"}],"about":[{"href":"https:\/\/nordicamenities.com\/fi\/wp-json\/wp\/v2\/types\/product"}],"replies":[{"embeddable":true,"href":"https:\/\/nordicamenities.com\/fi\/wp-json\/wp\/v2\/comments?post=12835"}],"wp:featuredmedia":[{"embeddable":true,"href":"https:\/\/nordicamenities.com\/fi\/wp-json\/wp\/v2\/media\/8974"}],"wp:attachment":[{"href":"https:\/\/nordicamenities.com\/fi\/wp-json\/wp\/v2\/media?parent=12835"}],"wp:term":[{"taxonomy":"product_brand","embeddable":true,"href":"https:\/\/nordicamenities.com\/fi\/wp-json\/wp\/v2\/product_brand?post=12835"},{"taxonomy":"product_cat","embeddable":true,"href":"https:\/\/nordicamenities.com\/fi\/wp-json\/wp\/v2\/product_cat?post=12835"},{"taxonomy":"product_tag","embeddable":true,"href":"https:\/\/nordicamenities.com\/fi\/wp-json\/wp\/v2\/product_tag?post=12835"}],"curies":[{"name":"wp","href":"https:\/\/api.w.org\/{rel}","templated":true}]}}