{"id":13797,"date":"2026-05-06T12:24:46","date_gmt":"2026-05-06T10:24:46","guid":{"rendered":"https:\/\/nordicamenities.com\/toode\/tervituskandik-sense\/"},"modified":"2026-05-06T12:24:46","modified_gmt":"2026-05-06T10:24:46","slug":"tervituskandik-sense","status":"publish","type":"product","link":"https:\/\/nordicamenities.com\/fi\/toode\/tervituskandik-sense\/","title":{"rendered":"Tervituskandik SENSE"},"content":{"rendered":"<p>Materjal: kuumakindel puidustrukruuriga ABS plastik<br \/>\nViimistlus: Must<br \/>\nM\u00f5\u00f5dud LxSxK: 455 x 288 x 38mm (koos veekannuga K210\/250mm)<br \/>\nEemaldatav roostevabast \u201cdip tray\u201d kasutatud teepakkidele ja lusikatele<br \/>\nVargusvastane veekeetja p\u00f5hi<br \/>\nLihtne puhastada<br \/>\n2 aastane garantii<\/p>\n","protected":false},"excerpt":{"rendered":"<p>Kvaliteetne kohvi- ja tee tervituskandik v\u00e4ga atraktiivse hinnaga, mis pakub k\u00fclastajatele sooja tervitust, ning muudab Teie hotellitoa v\u00e4limuse unikaalseks ja personaalseks. SENSE tervituskandik on valmistatud vastupidavast unikaalse puidu struktuuriga ABS-plastikust, mis pakub suurep\u00e4rast kaitset kuumuse, veeplekkide ja kriimustuste vastu. Lisaks on Sense tervituskandik varustatud roostevabast terasest lusika alusega.<br \/>\nTervituskandikule sobib 0,5L STAR v\u00f5i 1,0L STYLE veekann<\/p>\n","protected":false},"featured_media":1493,"comment_status":"closed","ping_status":"open","template":"","meta":{"_acf_changed":false},"product_brand":[],"product_cat":[124],"product_tag":[],"class_list":{"0":"post-13797","1":"product","2":"type-product","3":"status-publish","4":"has-post-thumbnail","6":"product_cat-tervituskandikud","8":"first","9":"instock","10":"taxable","11":"shipping-taxable","12":"purchasable","13":"product-type-simple"},"group_of_quantity":1,"min_quantity":1,"max_quantity":"","exclude_order_quantity_value_rules":"no","exclude_category_quantity_rules":"no","combine_variations":"no","acf":[],"_links":{"self":[{"href":"https:\/\/nordicamenities.com\/fi\/wp-json\/wp\/v2\/product\/13797","targetHints":{"allow":["GET"]}}],"collection":[{"href":"https:\/\/nordicamenities.com\/fi\/wp-json\/wp\/v2\/product"}],"about":[{"href":"https:\/\/nordicamenities.com\/fi\/wp-json\/wp\/v2\/types\/product"}],"replies":[{"embeddable":true,"href":"https:\/\/nordicamenities.com\/fi\/wp-json\/wp\/v2\/comments?post=13797"}],"wp:featuredmedia":[{"embeddable":true,"href":"https:\/\/nordicamenities.com\/fi\/wp-json\/wp\/v2\/media\/1493"}],"wp:attachment":[{"href":"https:\/\/nordicamenities.com\/fi\/wp-json\/wp\/v2\/media?parent=13797"}],"wp:term":[{"taxonomy":"product_brand","embeddable":true,"href":"https:\/\/nordicamenities.com\/fi\/wp-json\/wp\/v2\/product_brand?post=13797"},{"taxonomy":"product_cat","embeddable":true,"href":"https:\/\/nordicamenities.com\/fi\/wp-json\/wp\/v2\/product_cat?post=13797"},{"taxonomy":"product_tag","embeddable":true,"href":"https:\/\/nordicamenities.com\/fi\/wp-json\/wp\/v2\/product_tag?post=13797"}],"curies":[{"name":"wp","href":"https:\/\/api.w.org\/{rel}","templated":true}]}}