{"id":13806,"date":"2026-05-06T12:24:46","date_gmt":"2026-05-06T10:24:46","guid":{"rendered":"https:\/\/nordicamenities.com\/toode\/tervituskandik-signum-valge\/"},"modified":"2026-05-06T12:24:48","modified_gmt":"2026-05-06T10:24:48","slug":"tervituskandik-signum-valge","status":"publish","type":"product","link":"https:\/\/nordicamenities.com\/fi\/toode\/tervituskandik-signum-valge\/","title":{"rendered":"Tervituskandik SIGNUM VALGE"},"content":{"rendered":"<p>Materjal: k\u00f5rgekvaliteetne p\u00f6\u00f6k<br \/>\nViimistlus: Valge<br \/>\nM\u00f5\u00f5dud LxSxK: 356 x 240 x 40mm (koos veekannuga K212\/252mm)<br \/>\nVeekindel viimistlus<br \/>\nVargusvastane veekeetja p\u00f5hi<br \/>\nLihtsalt puhastatav<br \/>\n2 aastane garantii<\/p>\n","protected":false},"excerpt":{"rendered":"<p>Unikaalne tervituskandik SIGNUM on s\u00fcnon\u00fc\u00fcmiks kvalteedile, luksusele ja individuaalsusele. Spetsiaalne disain, mis pakub hotellitubadele erilist ja eristuvat \u201ctouch\u201d\u2019i. SIGNUM tervituskandik on valmistatud naturaalsest p\u00f6\u00f6gist ja on kaetud 3-kordse viimistlukihiga, et v\u00e4ltida mustuse ja niiskuse imendumist.<br \/>\nTervituskandikule sobib 0,5L STAR v\u00f5i 1,0L STYLE veekann<\/p>\n","protected":false},"featured_media":1531,"comment_status":"closed","ping_status":"open","template":"","meta":{"_acf_changed":false},"product_brand":[],"product_cat":[124],"product_tag":[],"class_list":{"0":"post-13806","1":"product","2":"type-product","3":"status-publish","4":"has-post-thumbnail","6":"product_cat-tervituskandikud","8":"first","9":"instock","10":"taxable","11":"shipping-taxable","12":"purchasable","13":"product-type-simple"},"group_of_quantity":1,"min_quantity":1,"max_quantity":"","exclude_order_quantity_value_rules":"no","exclude_category_quantity_rules":"no","combine_variations":"no","acf":[],"_links":{"self":[{"href":"https:\/\/nordicamenities.com\/fi\/wp-json\/wp\/v2\/product\/13806","targetHints":{"allow":["GET"]}}],"collection":[{"href":"https:\/\/nordicamenities.com\/fi\/wp-json\/wp\/v2\/product"}],"about":[{"href":"https:\/\/nordicamenities.com\/fi\/wp-json\/wp\/v2\/types\/product"}],"replies":[{"embeddable":true,"href":"https:\/\/nordicamenities.com\/fi\/wp-json\/wp\/v2\/comments?post=13806"}],"wp:featuredmedia":[{"embeddable":true,"href":"https:\/\/nordicamenities.com\/fi\/wp-json\/wp\/v2\/media\/1531"}],"wp:attachment":[{"href":"https:\/\/nordicamenities.com\/fi\/wp-json\/wp\/v2\/media?parent=13806"}],"wp:term":[{"taxonomy":"product_brand","embeddable":true,"href":"https:\/\/nordicamenities.com\/fi\/wp-json\/wp\/v2\/product_brand?post=13806"},{"taxonomy":"product_cat","embeddable":true,"href":"https:\/\/nordicamenities.com\/fi\/wp-json\/wp\/v2\/product_cat?post=13806"},{"taxonomy":"product_tag","embeddable":true,"href":"https:\/\/nordicamenities.com\/fi\/wp-json\/wp\/v2\/product_tag?post=13806"}],"curies":[{"name":"wp","href":"https:\/\/api.w.org\/{rel}","templated":true}]}}