{"id":13815,"date":"2026-05-06T12:24:46","date_gmt":"2026-05-06T10:24:46","guid":{"rendered":"https:\/\/nordicamenities.com\/toode\/kirjutuslaua-alusmatt-switch\/"},"modified":"2026-05-06T12:24:49","modified_gmt":"2026-05-06T10:24:49","slug":"kirjutuslaua-alusmatt-switch","status":"publish","type":"product","link":"https:\/\/nordicamenities.com\/fi\/toode\/kirjutuslaua-alusmatt-switch\/","title":{"rendered":"Kirjutuslaua alusmatt SWITCH"},"content":{"rendered":"","protected":false},"excerpt":{"rendered":"<p>Valmistatud kvaliteetsest kunstnahast<br \/>\nV\u00f5ib kasutada kirjutuslaua alusmatina v\u00f5i tervitusalusena<br \/>\nKahepoolne disain \u2013 \u00fcks pool bee\u017e ja teine must, v\u00f5imaldades valida eelistatud v\u00e4rvi<br \/>\nSobib ideaalselt kokku teiste toodetega, nagu SLUSH j\u00e4\u00e4\u00e4mbrid, SWEEP\/SHAPE salvr\u00e4tikukarbid ja SNAP tarvikute karbiga<br \/>\n\u00dchendab elegantsi ja praktilisuse, olles ideaalne lisa nii majutusasutustesse kui ka kontorilauale<br \/>\nVetth\u00fclgav ja kergesti puhastatav.<br \/>\nM\u00f5\u00f5dud 500x400x8mm<\/p>\n","protected":false},"featured_media":13637,"comment_status":"closed","ping_status":"open","template":"","meta":{"_acf_changed":false},"product_brand":[],"product_cat":[124],"product_tag":[],"class_list":{"0":"post-13815","1":"product","2":"type-product","3":"status-publish","4":"has-post-thumbnail","6":"product_cat-tervituskandikud","8":"first","9":"instock","10":"taxable","11":"shipping-taxable","12":"purchasable","13":"product-type-simple"},"group_of_quantity":1,"min_quantity":1,"max_quantity":"","exclude_order_quantity_value_rules":"no","exclude_category_quantity_rules":"no","combine_variations":"no","acf":[],"_links":{"self":[{"href":"https:\/\/nordicamenities.com\/fi\/wp-json\/wp\/v2\/product\/13815","targetHints":{"allow":["GET"]}}],"collection":[{"href":"https:\/\/nordicamenities.com\/fi\/wp-json\/wp\/v2\/product"}],"about":[{"href":"https:\/\/nordicamenities.com\/fi\/wp-json\/wp\/v2\/types\/product"}],"replies":[{"embeddable":true,"href":"https:\/\/nordicamenities.com\/fi\/wp-json\/wp\/v2\/comments?post=13815"}],"wp:featuredmedia":[{"embeddable":true,"href":"https:\/\/nordicamenities.com\/fi\/wp-json\/wp\/v2\/media\/13637"}],"wp:attachment":[{"href":"https:\/\/nordicamenities.com\/fi\/wp-json\/wp\/v2\/media?parent=13815"}],"wp:term":[{"taxonomy":"product_brand","embeddable":true,"href":"https:\/\/nordicamenities.com\/fi\/wp-json\/wp\/v2\/product_brand?post=13815"},{"taxonomy":"product_cat","embeddable":true,"href":"https:\/\/nordicamenities.com\/fi\/wp-json\/wp\/v2\/product_cat?post=13815"},{"taxonomy":"product_tag","embeddable":true,"href":"https:\/\/nordicamenities.com\/fi\/wp-json\/wp\/v2\/product_tag?post=13815"}],"curies":[{"name":"wp","href":"https:\/\/api.w.org\/{rel}","templated":true}]}}