{"id":13817,"date":"2026-05-06T12:24:51","date_gmt":"2026-05-06T10:24:51","guid":{"rendered":"https:\/\/nordicamenities.com\/toode\/veekeetja-star-05l-must\/"},"modified":"2026-05-06T12:24:51","modified_gmt":"2026-05-06T10:24:51","slug":"veekeetja-star-05l-must","status":"publish","type":"product","link":"https:\/\/nordicamenities.com\/fi\/toode\/veekeetja-star-05l-must\/","title":{"rendered":"Veekeetja STAR 0,5L MUST"},"content":{"rendered":"<p>0,5L harjatud terasest veekeetja<br \/>\nV\u00f5imsus: 1000W<br \/>\nPinge: 220-240V, 50-60Hz<br \/>\nLaius koos k\u00e4epidemega: 195mm<br \/>\nK\u00f5rgus: 195mm<br \/>\nP\u00f5hja-diameter: 140mm<br \/>\nIndikaator tuli<br \/>\nAutomaatne v\u00e4ljal\u00fclitus ja t\u00fchjakskeemise kaitse<br \/>\nT\u00e4ielik STRIX controller<br \/>\nIntegreeritud k\u00fctteelement<br \/>\nEemaldatav filter<br \/>\nKaabli pikkus 73cm<br \/>\nCE, Intertek ja T\u00fcv\/GS poolt heakskiidetud<\/p>\n","protected":false},"excerpt":{"rendered":"<p>Veekeetja on varustatud Briti STRIX-kontrolleriga, mida peetakse \u00fcheks k\u00f5ige olulisemaks komponendikd veekannudel, et tagada Teie k\u00fclastajate maksimaalne ohutus.<\/p>\n","protected":false},"featured_media":1668,"comment_status":"closed","ping_status":"open","template":"","meta":{"_acf_changed":false},"product_brand":[],"product_cat":[124],"product_tag":[],"class_list":{"0":"post-13817","1":"product","2":"type-product","3":"status-publish","4":"has-post-thumbnail","6":"product_cat-tervituskandikud","8":"first","9":"instock","10":"taxable","11":"shipping-taxable","12":"purchasable","13":"product-type-simple"},"group_of_quantity":1,"min_quantity":1,"max_quantity":"","exclude_order_quantity_value_rules":"no","exclude_category_quantity_rules":"no","combine_variations":"no","acf":[],"_links":{"self":[{"href":"https:\/\/nordicamenities.com\/fi\/wp-json\/wp\/v2\/product\/13817","targetHints":{"allow":["GET"]}}],"collection":[{"href":"https:\/\/nordicamenities.com\/fi\/wp-json\/wp\/v2\/product"}],"about":[{"href":"https:\/\/nordicamenities.com\/fi\/wp-json\/wp\/v2\/types\/product"}],"replies":[{"embeddable":true,"href":"https:\/\/nordicamenities.com\/fi\/wp-json\/wp\/v2\/comments?post=13817"}],"wp:featuredmedia":[{"embeddable":true,"href":"https:\/\/nordicamenities.com\/fi\/wp-json\/wp\/v2\/media\/1668"}],"wp:attachment":[{"href":"https:\/\/nordicamenities.com\/fi\/wp-json\/wp\/v2\/media?parent=13817"}],"wp:term":[{"taxonomy":"product_brand","embeddable":true,"href":"https:\/\/nordicamenities.com\/fi\/wp-json\/wp\/v2\/product_brand?post=13817"},{"taxonomy":"product_cat","embeddable":true,"href":"https:\/\/nordicamenities.com\/fi\/wp-json\/wp\/v2\/product_cat?post=13817"},{"taxonomy":"product_tag","embeddable":true,"href":"https:\/\/nordicamenities.com\/fi\/wp-json\/wp\/v2\/product_tag?post=13817"}],"curies":[{"name":"wp","href":"https:\/\/api.w.org\/{rel}","templated":true}]}}