{"id":13819,"date":"2026-05-06T12:24:51","date_gmt":"2026-05-06T10:24:51","guid":{"rendered":"https:\/\/nordicamenities.com\/toode\/veekeetja-salsa-10l\/"},"modified":"2026-05-06T12:24:51","modified_gmt":"2026-05-06T10:24:51","slug":"veekeetja-salsa-10l","status":"publish","type":"product","link":"https:\/\/nordicamenities.com\/fi\/toode\/veekeetja-salsa-10l\/","title":{"rendered":"Veekeetja SALSA 1,0L"},"content":{"rendered":"","protected":false},"excerpt":{"rendered":"<p>Soodsa hinnaklassi mudel<br \/>\nMahutavus: 1 liiter<br \/>\nV\u00f5imsus: 1500 W<br \/>\nPol\u00fcprop\u00fcleen (k\u00fctteelement 304 roostevabast terasest)<br \/>\nCE-, CB-, GS- ja RoHS-sertifikaadiga<br \/>\nOriginaalne Briti STRIX kontroller<br \/>\nAutomaatne v\u00e4ljal\u00fclitus ja kuivkeemiskaitse<br \/>\nVarjatud k\u00fctteelement lihtsaks puhastamiseks<br \/>\n360\u00b0 juhtmevaba kasutus<\/p>\n","protected":false},"featured_media":13647,"comment_status":"closed","ping_status":"open","template":"","meta":{"_acf_changed":false},"product_brand":[],"product_cat":[124],"product_tag":[],"class_list":{"0":"post-13819","1":"product","2":"type-product","3":"status-publish","4":"has-post-thumbnail","6":"product_cat-tervituskandikud","8":"first","9":"instock","10":"taxable","11":"shipping-taxable","12":"purchasable","13":"product-type-simple"},"group_of_quantity":1,"min_quantity":1,"max_quantity":"","exclude_order_quantity_value_rules":"no","exclude_category_quantity_rules":"no","combine_variations":"no","acf":[],"_links":{"self":[{"href":"https:\/\/nordicamenities.com\/fi\/wp-json\/wp\/v2\/product\/13819","targetHints":{"allow":["GET"]}}],"collection":[{"href":"https:\/\/nordicamenities.com\/fi\/wp-json\/wp\/v2\/product"}],"about":[{"href":"https:\/\/nordicamenities.com\/fi\/wp-json\/wp\/v2\/types\/product"}],"replies":[{"embeddable":true,"href":"https:\/\/nordicamenities.com\/fi\/wp-json\/wp\/v2\/comments?post=13819"}],"wp:featuredmedia":[{"embeddable":true,"href":"https:\/\/nordicamenities.com\/fi\/wp-json\/wp\/v2\/media\/13647"}],"wp:attachment":[{"href":"https:\/\/nordicamenities.com\/fi\/wp-json\/wp\/v2\/media?parent=13819"}],"wp:term":[{"taxonomy":"product_brand","embeddable":true,"href":"https:\/\/nordicamenities.com\/fi\/wp-json\/wp\/v2\/product_brand?post=13819"},{"taxonomy":"product_cat","embeddable":true,"href":"https:\/\/nordicamenities.com\/fi\/wp-json\/wp\/v2\/product_cat?post=13819"},{"taxonomy":"product_tag","embeddable":true,"href":"https:\/\/nordicamenities.com\/fi\/wp-json\/wp\/v2\/product_tag?post=13819"}],"curies":[{"name":"wp","href":"https:\/\/api.w.org\/{rel}","templated":true}]}}