{"id":13820,"date":"2026-05-06T12:24:51","date_gmt":"2026-05-06T10:24:51","guid":{"rendered":"https:\/\/nordicamenities.com\/toode\/kapselkohvimasin-start\/"},"modified":"2026-05-06T12:24:51","modified_gmt":"2026-05-06T10:24:51","slug":"kapselkohvimasin-start","status":"publish","type":"product","link":"https:\/\/nordicamenities.com\/fi\/toode\/kapselkohvimasin-start\/","title":{"rendered":"Kapselkohvimasin START"},"content":{"rendered":"<p>M\u00f5\u00f5dud: W93 x D342 x H210mm<br \/>\nVeepaagi maht: 0.5 litre<br \/>\nV\u00f5imsus: 1200W<br \/>\nPinge: 220~240V<br \/>\nKaal: 2.4kg<br \/>\nJuhtme pikkus: 100cm<\/p>\n","protected":false},"excerpt":{"rendered":"<p>Kapselkohvimasin<br \/>\nStiilne ja kaasaegne disain, l\u00e4ikiv must<br \/>\n\u00dclikompaktne suurus, laius ainult 93 mm<br \/>\n\u00dchildub Nespresso\u00ae stiilis kapslitega<br \/>\nValmistatud vastupidavast ABS plastikust<br \/>\n20 bar k\u00f5rgsurvepump, valmistatud Itaalias<br \/>\nPraktiline veepaak, mida on lihtne eemaldada ja puhastada<br \/>\nOhutusfunktsioonid: m\u00e4rgutuli ja automaatne v\u00e4ljal\u00fclitus<br \/>\nLihtne kasutada vaid 2 nupuga (Espresso v\u00f5i Lungo)<br \/>\n2-aastane garantii<\/p>\n","protected":false},"featured_media":1457,"comment_status":"closed","ping_status":"open","template":"","meta":{"_acf_changed":false},"product_brand":[],"product_cat":[124],"product_tag":[],"class_list":{"0":"post-13820","1":"product","2":"type-product","3":"status-publish","4":"has-post-thumbnail","6":"product_cat-tervituskandikud","8":"first","9":"instock","10":"taxable","11":"shipping-taxable","12":"purchasable","13":"product-type-simple"},"group_of_quantity":1,"min_quantity":1,"max_quantity":"","exclude_order_quantity_value_rules":"no","exclude_category_quantity_rules":"no","combine_variations":"no","acf":[],"_links":{"self":[{"href":"https:\/\/nordicamenities.com\/fi\/wp-json\/wp\/v2\/product\/13820","targetHints":{"allow":["GET"]}}],"collection":[{"href":"https:\/\/nordicamenities.com\/fi\/wp-json\/wp\/v2\/product"}],"about":[{"href":"https:\/\/nordicamenities.com\/fi\/wp-json\/wp\/v2\/types\/product"}],"replies":[{"embeddable":true,"href":"https:\/\/nordicamenities.com\/fi\/wp-json\/wp\/v2\/comments?post=13820"}],"wp:featuredmedia":[{"embeddable":true,"href":"https:\/\/nordicamenities.com\/fi\/wp-json\/wp\/v2\/media\/1457"}],"wp:attachment":[{"href":"https:\/\/nordicamenities.com\/fi\/wp-json\/wp\/v2\/media?parent=13820"}],"wp:term":[{"taxonomy":"product_brand","embeddable":true,"href":"https:\/\/nordicamenities.com\/fi\/wp-json\/wp\/v2\/product_brand?post=13820"},{"taxonomy":"product_cat","embeddable":true,"href":"https:\/\/nordicamenities.com\/fi\/wp-json\/wp\/v2\/product_cat?post=13820"},{"taxonomy":"product_tag","embeddable":true,"href":"https:\/\/nordicamenities.com\/fi\/wp-json\/wp\/v2\/product_tag?post=13820"}],"curies":[{"name":"wp","href":"https:\/\/api.w.org\/{rel}","templated":true}]}}