{"id":13830,"date":"2026-05-06T12:24:51","date_gmt":"2026-05-06T10:24:51","guid":{"rendered":"https:\/\/nordicamenities.com\/toode\/vannitoakaal-must\/"},"modified":"2026-05-06T12:24:53","modified_gmt":"2026-05-06T10:24:53","slug":"vannitoakaal-must","status":"publish","type":"product","link":"https:\/\/nordicamenities.com\/fi\/toode\/vannitoakaal-must\/","title":{"rendered":"Vannitoakaal must"},"content":{"rendered":"","protected":false},"excerpt":{"rendered":"<p>Luksuslik vannitoa kaal, Push Power tehnoloogia &#8211; ei ole vaja kasutada patareisid<br \/>\nKerge, vastupidav ja praktiline<br \/>\nKeskkonnas\u00f5bralik t\u00e4nu patarei vabale funktsioonile<br \/>\nVarustatud 5 mm turvaklaasiga<br \/>\nEriti suur, kergesti loetav LCD-ekraan<br \/>\nV\u00e4ga t\u00e4pne m\u00f5\u00f5tmine (t\u00e4psus 100g)<br \/>\nM\u00f5\u00f5t\u00fchikud: kg ja nael<br \/>\nMadala v\u00f5imsuse indikaator ja \u00fclekoormuse hoiatus<br \/>\n2-aastane garantii<br \/>\nM\u00f5\u00f5dud 32 x 26 x 3cm<\/p>\n","protected":false},"featured_media":1473,"comment_status":"closed","ping_status":"open","template":"","meta":{"_acf_changed":false},"product_brand":[],"product_cat":[126],"product_tag":[],"class_list":{"0":"post-13830","1":"product","2":"type-product","3":"status-publish","4":"has-post-thumbnail","6":"product_cat-kaalud","8":"first","9":"instock","10":"taxable","11":"shipping-taxable","12":"purchasable","13":"product-type-simple"},"group_of_quantity":1,"min_quantity":1,"max_quantity":"","exclude_order_quantity_value_rules":"no","exclude_category_quantity_rules":"no","combine_variations":"no","acf":[],"_links":{"self":[{"href":"https:\/\/nordicamenities.com\/fi\/wp-json\/wp\/v2\/product\/13830","targetHints":{"allow":["GET"]}}],"collection":[{"href":"https:\/\/nordicamenities.com\/fi\/wp-json\/wp\/v2\/product"}],"about":[{"href":"https:\/\/nordicamenities.com\/fi\/wp-json\/wp\/v2\/types\/product"}],"replies":[{"embeddable":true,"href":"https:\/\/nordicamenities.com\/fi\/wp-json\/wp\/v2\/comments?post=13830"}],"wp:featuredmedia":[{"embeddable":true,"href":"https:\/\/nordicamenities.com\/fi\/wp-json\/wp\/v2\/media\/1473"}],"wp:attachment":[{"href":"https:\/\/nordicamenities.com\/fi\/wp-json\/wp\/v2\/media?parent=13830"}],"wp:term":[{"taxonomy":"product_brand","embeddable":true,"href":"https:\/\/nordicamenities.com\/fi\/wp-json\/wp\/v2\/product_brand?post=13830"},{"taxonomy":"product_cat","embeddable":true,"href":"https:\/\/nordicamenities.com\/fi\/wp-json\/wp\/v2\/product_cat?post=13830"},{"taxonomy":"product_tag","embeddable":true,"href":"https:\/\/nordicamenities.com\/fi\/wp-json\/wp\/v2\/product_tag?post=13830"}],"curies":[{"name":"wp","href":"https:\/\/api.w.org\/{rel}","templated":true}]}}