{"id":13904,"date":"2026-05-06T13:42:55","date_gmt":"2026-05-06T11:42:55","guid":{"rendered":"https:\/\/nordicamenities.com\/toode\/kohvrialus-stay\/"},"modified":"2026-05-06T13:43:01","modified_gmt":"2026-05-06T11:43:01","slug":"kohvrialus-stay","status":"publish","type":"product","link":"https:\/\/nordicamenities.com\/fi\/toode\/kohvrialus-stay\/","title":{"rendered":"Kohvrialus STAY"},"content":{"rendered":"","protected":false},"excerpt":{"rendered":"<p>Terasraam<br \/>\n4 musta nailonrihmaga<br \/>\nV\u00e4ga kompaktne ja kokkupandav<br \/>\n2-aastane garantii<br \/>\nHollandi disain<br \/>\nTugev ja stabiilne<br \/>\nSobib ideaalselt garderoobi<br \/>\nNeli vastupidavat nailonrihma<br \/>\nSoodsa hinnaga mudel<br \/>\n\u00dcmarad nurgad<br \/>\nValmistatud detailidele t\u00e4helepanu p\u00f6\u00f6rates<\/p>\n<p>M\u00f5\u00f5dud<br \/>\nKokkuvolditult: L550 x S45 x K620<br \/>\nLahtivolditult: L550 x S370 x K520<\/p>\n","protected":false},"featured_media":13896,"comment_status":"closed","ping_status":"open","template":"","meta":{"_acf_changed":false},"product_brand":[],"product_cat":[84],"product_tag":[],"class_list":{"0":"post-13904","1":"product","2":"type-product","3":"status-publish","4":"has-post-thumbnail","6":"product_cat-kohvrialused","7":"pa_varv-hobedane","8":"pa_varv-kuldne","9":"pa_varv-must","10":"pa_varv-valge","12":"first","13":"instock","14":"taxable","15":"shipping-taxable","16":"purchasable","17":"product-type-variable"},"group_of_quantity":1,"min_quantity":1,"max_quantity":"","exclude_order_quantity_value_rules":"no","exclude_category_quantity_rules":"no","combine_variations":"no","acf":[],"_links":{"self":[{"href":"https:\/\/nordicamenities.com\/fi\/wp-json\/wp\/v2\/product\/13904","targetHints":{"allow":["GET"]}}],"collection":[{"href":"https:\/\/nordicamenities.com\/fi\/wp-json\/wp\/v2\/product"}],"about":[{"href":"https:\/\/nordicamenities.com\/fi\/wp-json\/wp\/v2\/types\/product"}],"replies":[{"embeddable":true,"href":"https:\/\/nordicamenities.com\/fi\/wp-json\/wp\/v2\/comments?post=13904"}],"wp:featuredmedia":[{"embeddable":true,"href":"https:\/\/nordicamenities.com\/fi\/wp-json\/wp\/v2\/media\/13896"}],"wp:attachment":[{"href":"https:\/\/nordicamenities.com\/fi\/wp-json\/wp\/v2\/media?parent=13904"}],"wp:term":[{"taxonomy":"product_brand","embeddable":true,"href":"https:\/\/nordicamenities.com\/fi\/wp-json\/wp\/v2\/product_brand?post=13904"},{"taxonomy":"product_cat","embeddable":true,"href":"https:\/\/nordicamenities.com\/fi\/wp-json\/wp\/v2\/product_cat?post=13904"},{"taxonomy":"product_tag","embeddable":true,"href":"https:\/\/nordicamenities.com\/fi\/wp-json\/wp\/v2\/product_tag?post=13904"}],"curies":[{"name":"wp","href":"https:\/\/api.w.org\/{rel}","templated":true}]}}