{"id":1431,"date":"2024-03-15T06:00:46","date_gmt":"2024-03-15T06:00:46","guid":{"rendered":"https:\/\/nordicamenities.eu\/toode\/seif-vsafe-1838-top\/"},"modified":"2024-03-15T06:00:48","modified_gmt":"2024-03-15T06:00:48","slug":"seif-vsafe-1838-top","status":"publish","type":"product","link":"https:\/\/nordicamenities.com\/fi\/toode\/seif-vsafe-1838-top\/","title":{"rendered":"Seif VSAFE 1838 TOP"},"content":{"rendered":"","protected":false},"excerpt":{"rendered":"<p>Teie v\u00e4\u00e4risesemete turvalisuse tagamine on garanteeritud t\u00e4nu meie seifide lihtsale paigaldusele. Nende sobivad m\u00f5\u00f5tmed ja moodsad disainid v\u00f5imaldavad neid paigaldada igasse hotellituppa. Seifid on tugevad ja kindlad, mis lasevad Teil tunda ennast mugavalt ja rahulikult, et teie v\u00e4\u00e4risesemed on turvaliselt kaitstud.<\/p>\n<p>Kaal: 13kg<br \/>\nLaius mm: 380<br \/>\nK\u00f5rgus mm: 180<br \/>\nS\u00fcgavus mm: 390<br \/>\nV\u00e4rvus: anthracite<br \/>\nLukk: elektroniline koodiga<br \/>\nMotoriseeeritud uks: ei<\/p>\n","protected":false},"featured_media":1402,"comment_status":"closed","ping_status":"open","template":"","meta":{"_acf_changed":false},"product_brand":[],"product_cat":[123],"product_tag":[],"class_list":{"0":"post-1431","1":"product","2":"type-product","3":"status-publish","4":"has-post-thumbnail","6":"product_cat-seifid","8":"first","9":"instock","10":"taxable","11":"shipping-taxable","12":"purchasable","13":"product-type-simple"},"group_of_quantity":1,"min_quantity":1,"max_quantity":"","exclude_order_quantity_value_rules":"no","exclude_category_quantity_rules":"no","combine_variations":"no","acf":[],"_links":{"self":[{"href":"https:\/\/nordicamenities.com\/fi\/wp-json\/wp\/v2\/product\/1431","targetHints":{"allow":["GET"]}}],"collection":[{"href":"https:\/\/nordicamenities.com\/fi\/wp-json\/wp\/v2\/product"}],"about":[{"href":"https:\/\/nordicamenities.com\/fi\/wp-json\/wp\/v2\/types\/product"}],"replies":[{"embeddable":true,"href":"https:\/\/nordicamenities.com\/fi\/wp-json\/wp\/v2\/comments?post=1431"}],"wp:featuredmedia":[{"embeddable":true,"href":"https:\/\/nordicamenities.com\/fi\/wp-json\/wp\/v2\/media\/1402"}],"wp:attachment":[{"href":"https:\/\/nordicamenities.com\/fi\/wp-json\/wp\/v2\/media?parent=1431"}],"wp:term":[{"taxonomy":"product_brand","embeddable":true,"href":"https:\/\/nordicamenities.com\/fi\/wp-json\/wp\/v2\/product_brand?post=1431"},{"taxonomy":"product_cat","embeddable":true,"href":"https:\/\/nordicamenities.com\/fi\/wp-json\/wp\/v2\/product_cat?post=1431"},{"taxonomy":"product_tag","embeddable":true,"href":"https:\/\/nordicamenities.com\/fi\/wp-json\/wp\/v2\/product_tag?post=1431"}],"curies":[{"name":"wp","href":"https:\/\/api.w.org\/{rel}","templated":true}]}}