{"id":1922,"date":"2024-03-15T06:51:26","date_gmt":"2024-03-15T06:51:26","guid":{"rendered":"https:\/\/nordicamenities.eu\/toode\/lastevoodi-little-ritz-must\/"},"modified":"2025-12-10T10:42:30","modified_gmt":"2025-12-10T08:42:30","slug":"lastevoodi-little-ritz-must","status":"publish","type":"product","link":"https:\/\/nordicamenities.com\/fi\/toode\/lastevoodi-little-ritz-must\/","title":{"rendered":"Lastevoodi Little Ritz, must"},"content":{"rendered":"","protected":false},"excerpt":{"rendered":"<p>See puust (MDF) beebi v\u00f5revoodi on ideaalne ja kompaktne nii hotellides kui ka kodus kasutamiseks, kui ruumis\u00e4\u00e4stlikus on oluline. Alus ja 5cm paksune memory foam madrats (60 x 120cm) on kokkuvolditavad koos v\u00f5rega.<\/p>\n","protected":false},"featured_media":1879,"comment_status":"closed","ping_status":"closed","template":"","meta":{"_acf_changed":false},"product_brand":[],"product_cat":[132],"product_tag":[],"class_list":{"0":"post-1922","1":"product","2":"type-product","3":"status-publish","4":"has-post-thumbnail","6":"product_cat-voodid","8":"first","9":"instock","10":"taxable","11":"shipping-taxable","12":"purchasable","13":"product-type-simple"},"group_of_quantity":1,"min_quantity":1,"max_quantity":"","exclude_order_quantity_value_rules":"no","exclude_category_quantity_rules":"no","combine_variations":"no","acf":[],"_links":{"self":[{"href":"https:\/\/nordicamenities.com\/fi\/wp-json\/wp\/v2\/product\/1922","targetHints":{"allow":["GET"]}}],"collection":[{"href":"https:\/\/nordicamenities.com\/fi\/wp-json\/wp\/v2\/product"}],"about":[{"href":"https:\/\/nordicamenities.com\/fi\/wp-json\/wp\/v2\/types\/product"}],"replies":[{"embeddable":true,"href":"https:\/\/nordicamenities.com\/fi\/wp-json\/wp\/v2\/comments?post=1922"}],"wp:featuredmedia":[{"embeddable":true,"href":"https:\/\/nordicamenities.com\/fi\/wp-json\/wp\/v2\/media\/1879"}],"wp:attachment":[{"href":"https:\/\/nordicamenities.com\/fi\/wp-json\/wp\/v2\/media?parent=1922"}],"wp:term":[{"taxonomy":"product_brand","embeddable":true,"href":"https:\/\/nordicamenities.com\/fi\/wp-json\/wp\/v2\/product_brand?post=1922"},{"taxonomy":"product_cat","embeddable":true,"href":"https:\/\/nordicamenities.com\/fi\/wp-json\/wp\/v2\/product_cat?post=1922"},{"taxonomy":"product_tag","embeddable":true,"href":"https:\/\/nordicamenities.com\/fi\/wp-json\/wp\/v2\/product_tag?post=1922"}],"curies":[{"name":"wp","href":"https:\/\/api.w.org\/{rel}","templated":true}]}}