{"id":2381,"date":"2026-04-20T13:17:42","date_gmt":"2026-04-20T11:17:42","guid":{"rendered":"https:\/\/nordicamenities.eu\/toode\/valera-hotello-super-ac-1400w-matt-must\/"},"modified":"2026-04-20T13:17:42","modified_gmt":"2026-04-20T11:17:42","slug":"valera-hotello-super-ac-1400w-matt-must","status":"publish","type":"product","link":"https:\/\/nordicamenities.com\/fi\/toode\/valera-hotello-super-ac-1400w-matt-must\/","title":{"rendered":"VALERA Hotello SUPER AC 1400W Matt Must"},"content":{"rendered":"","protected":false},"excerpt":{"rendered":"<p>Kompaktne ja v\u00f5imas seinale kinnitatav f\u00f6\u00f6n<\/p>\n<p>1400 W<br \/>\nKompaktne, m\u00f5\u00f5dud 147 x 238 mm<br \/>\nEXTRA LONG-LIFE AC Mootor<br \/>\nAutomaatne l\u00fclitus k\u00e4epideme t\u00f5stmisel<br \/>\n8 min automaatne ohutustaimer<br \/>\n\u201cCool touch\u201d p\u00f6\u00f6rlev k\u00e4epide<br \/>\nPikenev voolik kuni 1,20m<br \/>\nLihtne paigaldada ilma korpust lahti v\u00f5tmata<br \/>\nV\u00f5imalus \u00fchendada nii pistikuga v\u00f5i otse vooluv\u00f5rku<br \/>\nNiiskuskindluse klass: IP34<\/p>\n","protected":false},"featured_media":2323,"comment_status":"closed","ping_status":"open","template":"","meta":{"_acf_changed":false},"product_brand":[],"product_cat":[142],"product_tag":[],"class_list":{"0":"post-2381","1":"product","2":"type-product","3":"status-publish","4":"has-post-thumbnail","6":"product_cat-medium-duty-foonid","8":"first","9":"instock","10":"taxable","11":"shipping-taxable","12":"purchasable","13":"product-type-simple"},"group_of_quantity":4,"min_quantity":4,"max_quantity":"","exclude_order_quantity_value_rules":"no","exclude_category_quantity_rules":"no","combine_variations":"no","acf":[],"_links":{"self":[{"href":"https:\/\/nordicamenities.com\/fi\/wp-json\/wp\/v2\/product\/2381","targetHints":{"allow":["GET"]}}],"collection":[{"href":"https:\/\/nordicamenities.com\/fi\/wp-json\/wp\/v2\/product"}],"about":[{"href":"https:\/\/nordicamenities.com\/fi\/wp-json\/wp\/v2\/types\/product"}],"replies":[{"embeddable":true,"href":"https:\/\/nordicamenities.com\/fi\/wp-json\/wp\/v2\/comments?post=2381"}],"wp:featuredmedia":[{"embeddable":true,"href":"https:\/\/nordicamenities.com\/fi\/wp-json\/wp\/v2\/media\/2323"}],"wp:attachment":[{"href":"https:\/\/nordicamenities.com\/fi\/wp-json\/wp\/v2\/media?parent=2381"}],"wp:term":[{"taxonomy":"product_brand","embeddable":true,"href":"https:\/\/nordicamenities.com\/fi\/wp-json\/wp\/v2\/product_brand?post=2381"},{"taxonomy":"product_cat","embeddable":true,"href":"https:\/\/nordicamenities.com\/fi\/wp-json\/wp\/v2\/product_cat?post=2381"},{"taxonomy":"product_tag","embeddable":true,"href":"https:\/\/nordicamenities.com\/fi\/wp-json\/wp\/v2\/product_tag?post=2381"}],"curies":[{"name":"wp","href":"https:\/\/api.w.org\/{rel}","templated":true}]}}