{"id":2385,"date":"2026-04-20T13:17:42","date_gmt":"2026-04-20T11:17:42","guid":{"rendered":"https:\/\/nordicamenities.eu\/toode\/valera-swiss-silent-jet-8500-ionic-tf\/"},"modified":"2026-04-20T13:17:44","modified_gmt":"2026-04-20T11:17:44","slug":"valera-swiss-silent-jet-8500-ionic-tf","status":"publish","type":"product","link":"https:\/\/nordicamenities.com\/fi\/toode\/valera-swiss-silent-jet-8500-ionic-tf\/","title":{"rendered":"VALERA Swiss Silent Jet 8500 Ionic TF"},"content":{"rendered":"","protected":false},"excerpt":{"rendered":"<p>V\u00e4ga vaikne ja suure j\u00f5udlusega professionaalne f\u00f6\u00f6n<\/p>\n<p>2000 W<br \/>\nLONG-LIFE AC Mootor<br \/>\n\u00dclekuumenemiskaitse<br \/>\nIoonidegeneraator<br \/>\nNutikas \u00f5huvoolu tehnoloogia<br \/>\n6 temperatuuri ning kiiruse astet<br \/>\nK\u00fclma\u00f5hu re\u017eiim<br \/>\nEemaldatav metallfilter<br \/>\n2 professionaalset ultra-sim otsikut: TOUCH-ME &#8221;k\u00fclm&#8221;otsik 7,5cm ja standard otsik 6cm<br \/>\nEriti painduv 3m ROTOCORD (p\u00f6\u00f6rlev) kaabel<\/p>\n","protected":false},"featured_media":2279,"comment_status":"closed","ping_status":"open","template":"","meta":{"_acf_changed":false},"product_brand":[],"product_cat":[142],"product_tag":[],"class_list":{"0":"post-2385","1":"product","2":"type-product","3":"status-publish","4":"has-post-thumbnail","6":"product_cat-medium-duty-foonid","8":"first","9":"instock","10":"taxable","11":"shipping-taxable","12":"purchasable","13":"product-type-simple"},"group_of_quantity":6,"min_quantity":6,"max_quantity":"","exclude_order_quantity_value_rules":"no","exclude_category_quantity_rules":"no","combine_variations":"no","acf":[],"_links":{"self":[{"href":"https:\/\/nordicamenities.com\/fi\/wp-json\/wp\/v2\/product\/2385","targetHints":{"allow":["GET"]}}],"collection":[{"href":"https:\/\/nordicamenities.com\/fi\/wp-json\/wp\/v2\/product"}],"about":[{"href":"https:\/\/nordicamenities.com\/fi\/wp-json\/wp\/v2\/types\/product"}],"replies":[{"embeddable":true,"href":"https:\/\/nordicamenities.com\/fi\/wp-json\/wp\/v2\/comments?post=2385"}],"wp:featuredmedia":[{"embeddable":true,"href":"https:\/\/nordicamenities.com\/fi\/wp-json\/wp\/v2\/media\/2279"}],"wp:attachment":[{"href":"https:\/\/nordicamenities.com\/fi\/wp-json\/wp\/v2\/media?parent=2385"}],"wp:term":[{"taxonomy":"product_brand","embeddable":true,"href":"https:\/\/nordicamenities.com\/fi\/wp-json\/wp\/v2\/product_brand?post=2385"},{"taxonomy":"product_cat","embeddable":true,"href":"https:\/\/nordicamenities.com\/fi\/wp-json\/wp\/v2\/product_cat?post=2385"},{"taxonomy":"product_tag","embeddable":true,"href":"https:\/\/nordicamenities.com\/fi\/wp-json\/wp\/v2\/product_tag?post=2385"}],"curies":[{"name":"wp","href":"https:\/\/api.w.org\/{rel}","templated":true}]}}