{"id":2420,"date":"2026-04-20T13:17:53","date_gmt":"2026-04-20T11:17:53","guid":{"rendered":"https:\/\/nordicamenities.eu\/toode\/valera-premium-protect-1200-shaver-valge\/"},"modified":"2026-04-20T13:17:54","modified_gmt":"2026-04-20T11:17:54","slug":"valera-premium-protect-1200-shaver-valge","status":"publish","type":"product","link":"https:\/\/nordicamenities.com\/fi\/toode\/valera-premium-protect-1200-shaver-valge\/","title":{"rendered":"VALERA Premium PROTECT 1200 Shaver valge"},"content":{"rendered":"","protected":false},"excerpt":{"rendered":"<p>1200W<br \/>\n2 \u00d5huvoolu astet<br \/>\n3 temperatuuri astet<br \/>\nK\u00fclma \u00f5hu re\u017eiim<br \/>\nOn\/Off surunupp<br \/>\n\u00d5huvoolu suunav otsik<br \/>\nELECTROSTOP 10mA rikkevoolukaitsmega seinakinnitus<br \/>\nPardli pistikupesa 110-120V ja 220-240V<br \/>\nAutomaatne On\/Off ohutusl\u00fcliti<\/p>\n","protected":false},"featured_media":2155,"comment_status":"closed","ping_status":"open","template":"","meta":{"_acf_changed":false},"product_brand":[],"product_cat":[143],"product_tag":[],"class_list":{"0":"post-2420","1":"product","2":"type-product","3":"status-publish","4":"has-post-thumbnail","6":"product_cat-foonid-hotellituppa","8":"first","9":"instock","10":"taxable","11":"shipping-taxable","12":"purchasable","13":"product-type-simple"},"group_of_quantity":6,"min_quantity":6,"max_quantity":"","exclude_order_quantity_value_rules":"no","exclude_category_quantity_rules":"no","combine_variations":"no","acf":[],"_links":{"self":[{"href":"https:\/\/nordicamenities.com\/fi\/wp-json\/wp\/v2\/product\/2420","targetHints":{"allow":["GET"]}}],"collection":[{"href":"https:\/\/nordicamenities.com\/fi\/wp-json\/wp\/v2\/product"}],"about":[{"href":"https:\/\/nordicamenities.com\/fi\/wp-json\/wp\/v2\/types\/product"}],"replies":[{"embeddable":true,"href":"https:\/\/nordicamenities.com\/fi\/wp-json\/wp\/v2\/comments?post=2420"}],"wp:featuredmedia":[{"embeddable":true,"href":"https:\/\/nordicamenities.com\/fi\/wp-json\/wp\/v2\/media\/2155"}],"wp:attachment":[{"href":"https:\/\/nordicamenities.com\/fi\/wp-json\/wp\/v2\/media?parent=2420"}],"wp:term":[{"taxonomy":"product_brand","embeddable":true,"href":"https:\/\/nordicamenities.com\/fi\/wp-json\/wp\/v2\/product_brand?post=2420"},{"taxonomy":"product_cat","embeddable":true,"href":"https:\/\/nordicamenities.com\/fi\/wp-json\/wp\/v2\/product_cat?post=2420"},{"taxonomy":"product_tag","embeddable":true,"href":"https:\/\/nordicamenities.com\/fi\/wp-json\/wp\/v2\/product_tag?post=2420"}],"curies":[{"name":"wp","href":"https:\/\/api.w.org\/{rel}","templated":true}]}}