{"id":2450,"date":"2026-04-20T13:17:59","date_gmt":"2026-04-20T11:17:59","guid":{"rendered":"https:\/\/nordicamenities.eu\/toode\/valera-swiss-light-5400-fold-away-ionic-tf\/"},"modified":"2026-04-20T13:18:02","modified_gmt":"2026-04-20T11:18:02","slug":"valera-swiss-light-5400-fold-away-ionic-tf","status":"publish","type":"product","link":"https:\/\/nordicamenities.com\/fi\/toode\/valera-swiss-light-5400-fold-away-ionic-tf\/","title":{"rendered":"VALERA Swiss Light 5400 FOLD AWAY Ionic TF"},"content":{"rendered":"","protected":false},"excerpt":{"rendered":"<p>Kokkupandav v\u00e4ga kerge f\u00f6\u00f6n koos ioonigeneraatoriga<br \/>\n2000W<br \/>\nKokkupandav k\u00e4epide<br \/>\nIoonigeneraator<br \/>\nLONG-LIFE DC Mootor<br \/>\n\u00dclekuumenemiskaitse<br \/>\n6 temperatuuri ning kiiruse astet<br \/>\nK\u00fclma \u00f5hu re\u017eiim<br \/>\n\u00dclipeenike suunav otsik<br \/>\nV\u00e4ga painduv 3m kaabel<br \/>\nKaal ilma kaablita 390g<\/p>\n","protected":false},"featured_media":2235,"comment_status":"closed","ping_status":"open","template":"","meta":{"_acf_changed":false},"product_brand":[],"product_cat":[143],"product_tag":[],"class_list":{"0":"post-2450","1":"product","2":"type-product","3":"status-publish","4":"has-post-thumbnail","6":"product_cat-foonid-hotellituppa","8":"first","9":"instock","10":"taxable","11":"shipping-taxable","12":"purchasable","13":"product-type-simple"},"group_of_quantity":6,"min_quantity":6,"max_quantity":"","exclude_order_quantity_value_rules":"no","exclude_category_quantity_rules":"no","combine_variations":"no","acf":[],"_links":{"self":[{"href":"https:\/\/nordicamenities.com\/fi\/wp-json\/wp\/v2\/product\/2450","targetHints":{"allow":["GET"]}}],"collection":[{"href":"https:\/\/nordicamenities.com\/fi\/wp-json\/wp\/v2\/product"}],"about":[{"href":"https:\/\/nordicamenities.com\/fi\/wp-json\/wp\/v2\/types\/product"}],"replies":[{"embeddable":true,"href":"https:\/\/nordicamenities.com\/fi\/wp-json\/wp\/v2\/comments?post=2450"}],"wp:featuredmedia":[{"embeddable":true,"href":"https:\/\/nordicamenities.com\/fi\/wp-json\/wp\/v2\/media\/2235"}],"wp:attachment":[{"href":"https:\/\/nordicamenities.com\/fi\/wp-json\/wp\/v2\/media?parent=2450"}],"wp:term":[{"taxonomy":"product_brand","embeddable":true,"href":"https:\/\/nordicamenities.com\/fi\/wp-json\/wp\/v2\/product_brand?post=2450"},{"taxonomy":"product_cat","embeddable":true,"href":"https:\/\/nordicamenities.com\/fi\/wp-json\/wp\/v2\/product_cat?post=2450"},{"taxonomy":"product_tag","embeddable":true,"href":"https:\/\/nordicamenities.com\/fi\/wp-json\/wp\/v2\/product_tag?post=2450"}],"curies":[{"name":"wp","href":"https:\/\/api.w.org\/{rel}","templated":true}]}}