{"id":2454,"date":"2026-04-20T13:17:59","date_gmt":"2026-04-20T11:17:59","guid":{"rendered":"https:\/\/nordicamenities.eu\/toode\/valera-handy\/"},"modified":"2026-04-20T13:18:02","modified_gmt":"2026-04-20T11:18:02","slug":"valera-handy","status":"publish","type":"product","link":"https:\/\/nordicamenities.com\/fi\/toode\/valera-handy\/","title":{"rendered":"VALERA Handy"},"content":{"rendered":"","protected":false},"excerpt":{"rendered":"<p>V\u00f5imas, kompaktne automaatse l\u00fclitusega k\u00e4tekuivati<\/p>\n<p>1500W<br \/>\nLONG-LIFE AC Mootor<br \/>\nAutomaatne sisse\/v\u00e4ljal\u00fclitus infrapuna anduriga<br \/>\nOhutustaimer<br \/>\nLihtne paigaldada ilma korpust lahti v\u00f5tmata<br \/>\nV\u00f5imalus \u00fchendada nii pistikuga v\u00f5i otse vooluv\u00f5rku<br \/>\nNiiskuskindluse klass: IP34<\/p>\n","protected":false},"featured_media":2299,"comment_status":"closed","ping_status":"open","template":"","meta":{"_acf_changed":false},"product_brand":[],"product_cat":[142],"product_tag":[],"class_list":{"0":"post-2454","1":"product","2":"type-product","3":"status-publish","4":"has-post-thumbnail","6":"product_cat-medium-duty-foonid","8":"first","9":"instock","10":"taxable","11":"shipping-taxable","12":"purchasable","13":"product-type-simple"},"group_of_quantity":4,"min_quantity":4,"max_quantity":"","exclude_order_quantity_value_rules":"no","exclude_category_quantity_rules":"no","combine_variations":"no","acf":[],"_links":{"self":[{"href":"https:\/\/nordicamenities.com\/fi\/wp-json\/wp\/v2\/product\/2454","targetHints":{"allow":["GET"]}}],"collection":[{"href":"https:\/\/nordicamenities.com\/fi\/wp-json\/wp\/v2\/product"}],"about":[{"href":"https:\/\/nordicamenities.com\/fi\/wp-json\/wp\/v2\/types\/product"}],"replies":[{"embeddable":true,"href":"https:\/\/nordicamenities.com\/fi\/wp-json\/wp\/v2\/comments?post=2454"}],"wp:featuredmedia":[{"embeddable":true,"href":"https:\/\/nordicamenities.com\/fi\/wp-json\/wp\/v2\/media\/2299"}],"wp:attachment":[{"href":"https:\/\/nordicamenities.com\/fi\/wp-json\/wp\/v2\/media?parent=2454"}],"wp:term":[{"taxonomy":"product_brand","embeddable":true,"href":"https:\/\/nordicamenities.com\/fi\/wp-json\/wp\/v2\/product_brand?post=2454"},{"taxonomy":"product_cat","embeddable":true,"href":"https:\/\/nordicamenities.com\/fi\/wp-json\/wp\/v2\/product_cat?post=2454"},{"taxonomy":"product_tag","embeddable":true,"href":"https:\/\/nordicamenities.com\/fi\/wp-json\/wp\/v2\/product_tag?post=2454"}],"curies":[{"name":"wp","href":"https:\/\/api.w.org\/{rel}","templated":true}]}}