{"id":2680,"date":"2024-03-15T08:01:01","date_gmt":"2024-03-15T08:01:01","guid":{"rendered":"https:\/\/nordicamenities.eu\/toode\/shelfsoap-pikk\/"},"modified":"2024-03-15T08:36:26","modified_gmt":"2024-03-15T08:36:26","slug":"shelfsoap-pikk","status":"publish","type":"product","link":"https:\/\/nordicamenities.com\/fi\/toode\/shelfsoap-pikk\/","title":{"rendered":"SHELFSOAP pikk"},"content":{"rendered":"","protected":false},"excerpt":{"rendered":"<p>SHELFSOAP on disainitud koost\u00f6\u00f6s Milaanos asuva Itaalia disaini- ja arhidektuurib\u00fcrooga Palomba Serafini Associati, kelle projektide ja disainide k\u00f5rge kvaliteet on neid eristav tunnus\u2026<br \/>\nSelfSoap on t\u00e4iuslik tasakaal elegantse disaini ja silmapaistva funktsionaalsuse vahel. Dosaatori eesm\u00e4rk on pakkuda \u00e4\u00e4rmiselt esteetilist lahendust, mis on paindlik oma konfiguratsioonides ja koosk\u00f5las keskonnas\u00e4\u00e4stliku filosoofiaga.<\/p>\n","protected":false},"featured_media":2781,"comment_status":"closed","ping_status":"closed","template":"","meta":{"_acf_changed":false},"product_brand":[],"product_cat":[146],"product_tag":[],"class_list":{"0":"post-2680","1":"product","2":"type-product","3":"status-publish","4":"has-post-thumbnail","6":"product_cat-dosaatorid","7":"pa_varv-must","8":"pa_varv-valge","10":"first","11":"instock","12":"taxable","13":"shipping-taxable","14":"purchasable","15":"product-type-variable"},"group_of_quantity":20,"min_quantity":20,"max_quantity":"","exclude_order_quantity_value_rules":"no","exclude_category_quantity_rules":"no","combine_variations":"no","acf":[],"_links":{"self":[{"href":"https:\/\/nordicamenities.com\/fi\/wp-json\/wp\/v2\/product\/2680","targetHints":{"allow":["GET"]}}],"collection":[{"href":"https:\/\/nordicamenities.com\/fi\/wp-json\/wp\/v2\/product"}],"about":[{"href":"https:\/\/nordicamenities.com\/fi\/wp-json\/wp\/v2\/types\/product"}],"replies":[{"embeddable":true,"href":"https:\/\/nordicamenities.com\/fi\/wp-json\/wp\/v2\/comments?post=2680"}],"wp:featuredmedia":[{"embeddable":true,"href":"https:\/\/nordicamenities.com\/fi\/wp-json\/wp\/v2\/media\/2781"}],"wp:attachment":[{"href":"https:\/\/nordicamenities.com\/fi\/wp-json\/wp\/v2\/media?parent=2680"}],"wp:term":[{"taxonomy":"product_brand","embeddable":true,"href":"https:\/\/nordicamenities.com\/fi\/wp-json\/wp\/v2\/product_brand?post=2680"},{"taxonomy":"product_cat","embeddable":true,"href":"https:\/\/nordicamenities.com\/fi\/wp-json\/wp\/v2\/product_cat?post=2680"},{"taxonomy":"product_tag","embeddable":true,"href":"https:\/\/nordicamenities.com\/fi\/wp-json\/wp\/v2\/product_tag?post=2680"}],"curies":[{"name":"wp","href":"https:\/\/api.w.org\/{rel}","templated":true}]}}