{"id":2701,"date":"2024-03-15T08:01:05","date_gmt":"2024-03-15T08:01:05","guid":{"rendered":"https:\/\/nordicamenities.eu\/toode\/swing-me-dosator\/"},"modified":"2024-03-15T08:34:08","modified_gmt":"2024-03-15T08:34:08","slug":"swing-me-dosator","status":"publish","type":"product","link":"https:\/\/nordicamenities.com\/fi\/toode\/swing-me-dosator\/","title":{"rendered":"SWING ME Dosator"},"content":{"rendered":"<p>Komplektis:<br \/>\nDosaatori seinakinnitus<br \/>\nKruvid ja d\u00fc\u00fcblid v\u00f5i kahepoolne teip<br \/>\nDosaatori v\u00f5ti<br \/>\nSwing Me dosaatori otsik<br \/>\nKasutusjuhend<\/p>\n","protected":false},"excerpt":{"rendered":"<p>SWING ME DISPENSER<br \/>\nPraktiline ja optimeeritud igas detailis.<br \/>\nJah see \u201ckiigub\u201d\u2026, et pakkuda parimat kasutuslihtsust.<br \/>\nSwing me pakub kompromissi \u00f6konoomsuse, stiili ja keskonna vahel.<br \/>\n&#8211; L\u00e4bipaistev riba k\u00fcljel, millega v\u00f5imalik kontrollida shampooni kogust.<br \/>\n&#8211; Lihtne hotelli personalile<br \/>\n&#8211; Seinale kinnitamiseks kruvidega v\u00f5i kahepoolse teibiga<\/p>\n","protected":false},"featured_media":2779,"comment_status":"closed","ping_status":"closed","template":"","meta":{"_acf_changed":false},"product_brand":[],"product_cat":[146],"product_tag":[],"class_list":{"0":"post-2701","1":"product","2":"type-product","3":"status-publish","4":"has-post-thumbnail","6":"product_cat-dosaatorid","7":"pa_varv-sinine","8":"pa_varv-sinine-teip","9":"pa_varv-valge","10":"pa_varv-valge-teip","12":"first","13":"instock","14":"taxable","15":"shipping-taxable","16":"purchasable","17":"product-type-variable"},"group_of_quantity":30,"min_quantity":30,"max_quantity":"","exclude_order_quantity_value_rules":"no","exclude_category_quantity_rules":"no","combine_variations":"no","acf":[],"_links":{"self":[{"href":"https:\/\/nordicamenities.com\/fi\/wp-json\/wp\/v2\/product\/2701","targetHints":{"allow":["GET"]}}],"collection":[{"href":"https:\/\/nordicamenities.com\/fi\/wp-json\/wp\/v2\/product"}],"about":[{"href":"https:\/\/nordicamenities.com\/fi\/wp-json\/wp\/v2\/types\/product"}],"replies":[{"embeddable":true,"href":"https:\/\/nordicamenities.com\/fi\/wp-json\/wp\/v2\/comments?post=2701"}],"wp:featuredmedia":[{"embeddable":true,"href":"https:\/\/nordicamenities.com\/fi\/wp-json\/wp\/v2\/media\/2779"}],"wp:attachment":[{"href":"https:\/\/nordicamenities.com\/fi\/wp-json\/wp\/v2\/media?parent=2701"}],"wp:term":[{"taxonomy":"product_brand","embeddable":true,"href":"https:\/\/nordicamenities.com\/fi\/wp-json\/wp\/v2\/product_brand?post=2701"},{"taxonomy":"product_cat","embeddable":true,"href":"https:\/\/nordicamenities.com\/fi\/wp-json\/wp\/v2\/product_cat?post=2701"},{"taxonomy":"product_tag","embeddable":true,"href":"https:\/\/nordicamenities.com\/fi\/wp-json\/wp\/v2\/product_tag?post=2701"}],"curies":[{"name":"wp","href":"https:\/\/api.w.org\/{rel}","templated":true}]}}