{"id":2889,"date":"2024-03-18T06:42:58","date_gmt":"2024-03-18T06:42:58","guid":{"rendered":"https:\/\/nordicamenities.eu\/toode\/anuhea-izumi-2\/"},"modified":"2024-03-18T13:36:13","modified_gmt":"2024-03-18T13:36:13","slug":"anuhea-izumi","status":"publish","type":"product","link":"https:\/\/nordicamenities.com\/fi\/toode\/anuhea-izumi\/","title":{"rendered":"ANUHEA Izumi"},"content":{"rendered":"","protected":false},"excerpt":{"rendered":"<p>ANUHEA\u00ae &#8211; Emotisioonide ja m\u00e4lestuste juveel<br \/>\nEt elada h\u00e4sti, peame end \u00fcmbritsema asjadega, mis pakuvad meie meeltele r\u00f5\u00f5mu, n\u00e4gemisest kuni l\u00f5hnadeni. K\u00f5iki \u00fcksikasjad kohtades kus me viibime, alates meid \u00fcmbritsevatest l\u00f5hnadest, tuleb tajuda \u00fcksikasjalikult, et edastada eksklusiivseid emotsioonr ja muuta see hetk meie p\u00e4evas ainulaadseks.<\/p>\n<p>Kevad on \u00f5hus! Erksus, v\u00e4rskus ja energia aroomis on p\u00fchendatud kevadele. Valge virsiku, iirise ja vanilli magusus kutsub esile Jaapani traditsiooni Hanami, millega t\u00e4histatakse imelist \u00f5itsvate puude s\u00f5ud. Roosa greip, sidrun ja bergamot t\u00e4idavad \u00f5hku sooja ja intensiivse valgusega. L\u00f5puks annavad sandlipuu ja valge muskus l\u00f5hnale v\u00fcrtsika idamaise parf\u00fc\u00fcmi.<\/p>\n","protected":false},"featured_media":2835,"comment_status":"closed","ping_status":"closed","template":"","meta":{"_acf_changed":false},"product_brand":[],"product_cat":[196],"product_tag":[197],"class_list":{"0":"post-2889","1":"product","2":"type-product","3":"status-publish","4":"has-post-thumbnail","6":"product_cat-anuhea","7":"product_tag-lohnaveed","8":"pa_suurus-1l","9":"pa_suurus-400ml","11":"first","12":"instock","13":"taxable","14":"shipping-taxable","15":"purchasable","16":"product-type-variable"},"group_of_quantity":4,"min_quantity":4,"max_quantity":"","exclude_order_quantity_value_rules":"no","exclude_category_quantity_rules":"no","combine_variations":"no","acf":[],"_links":{"self":[{"href":"https:\/\/nordicamenities.com\/fi\/wp-json\/wp\/v2\/product\/2889","targetHints":{"allow":["GET"]}}],"collection":[{"href":"https:\/\/nordicamenities.com\/fi\/wp-json\/wp\/v2\/product"}],"about":[{"href":"https:\/\/nordicamenities.com\/fi\/wp-json\/wp\/v2\/types\/product"}],"replies":[{"embeddable":true,"href":"https:\/\/nordicamenities.com\/fi\/wp-json\/wp\/v2\/comments?post=2889"}],"wp:featuredmedia":[{"embeddable":true,"href":"https:\/\/nordicamenities.com\/fi\/wp-json\/wp\/v2\/media\/2835"}],"wp:attachment":[{"href":"https:\/\/nordicamenities.com\/fi\/wp-json\/wp\/v2\/media?parent=2889"}],"wp:term":[{"taxonomy":"product_brand","embeddable":true,"href":"https:\/\/nordicamenities.com\/fi\/wp-json\/wp\/v2\/product_brand?post=2889"},{"taxonomy":"product_cat","embeddable":true,"href":"https:\/\/nordicamenities.com\/fi\/wp-json\/wp\/v2\/product_cat?post=2889"},{"taxonomy":"product_tag","embeddable":true,"href":"https:\/\/nordicamenities.com\/fi\/wp-json\/wp\/v2\/product_tag?post=2889"}],"curies":[{"name":"wp","href":"https:\/\/api.w.org\/{rel}","templated":true}]}}