{"id":2902,"date":"2024-03-18T06:43:02","date_gmt":"2024-03-18T06:43:02","guid":{"rendered":"https:\/\/nordicamenities.eu\/toode\/lohnastatud-vesi-wine-therapy-500ml\/"},"modified":"2024-03-18T06:43:04","modified_gmt":"2024-03-18T06:43:04","slug":"lohnastatud-vesi-wine-therapy-500ml","status":"publish","type":"product","link":"https:\/\/nordicamenities.com\/fi\/toode\/lohnastatud-vesi-wine-therapy-500ml\/","title":{"rendered":"L\u00f5hnastatud vesi WINE THERAPY 500ml"},"content":{"rendered":"","protected":false},"excerpt":{"rendered":"<p>See oleks nagu jalutamine viinamarjaistanduses septembri kuu p\u00e4ikese all, kui viinamarjad on korjamiseks valmis. WINE THERAPY on aroom p\u00f5neva l\u00f5hnakogemuse saamiseks.<br \/>\nLoodud viinamarjade ja veini k\u00f5igi ise\u00e4rasuste \u00e4ratamiseks, seda eksimatut aroomi iseloomustavad tugevad puuvilja ja veini noodid, punanes\u00f5star ja \u00f5un, mida on \u201cjahutatud\u201d meloni, apelsini\u00f5ite ja leherohelisega. Baasnoodid jasmiini ja roosiga annavad sellele parf\u00fc\u00fcmile pehmuse.<\/p>\n","protected":false},"featured_media":2869,"comment_status":"closed","ping_status":"open","template":"","meta":{"_acf_changed":false},"product_brand":[],"product_cat":[201],"product_tag":[197],"class_list":{"0":"post-2902","1":"product","2":"type-product","3":"status-publish","4":"has-post-thumbnail","6":"product_cat-lohnastatud-veed","7":"product_tag-lohnaveed","9":"first","10":"instock","11":"taxable","12":"shipping-taxable","13":"purchasable","14":"product-type-simple"},"group_of_quantity":12,"min_quantity":12,"max_quantity":"","exclude_order_quantity_value_rules":"no","exclude_category_quantity_rules":"no","combine_variations":"no","acf":[],"_links":{"self":[{"href":"https:\/\/nordicamenities.com\/fi\/wp-json\/wp\/v2\/product\/2902","targetHints":{"allow":["GET"]}}],"collection":[{"href":"https:\/\/nordicamenities.com\/fi\/wp-json\/wp\/v2\/product"}],"about":[{"href":"https:\/\/nordicamenities.com\/fi\/wp-json\/wp\/v2\/types\/product"}],"replies":[{"embeddable":true,"href":"https:\/\/nordicamenities.com\/fi\/wp-json\/wp\/v2\/comments?post=2902"}],"wp:featuredmedia":[{"embeddable":true,"href":"https:\/\/nordicamenities.com\/fi\/wp-json\/wp\/v2\/media\/2869"}],"wp:attachment":[{"href":"https:\/\/nordicamenities.com\/fi\/wp-json\/wp\/v2\/media?parent=2902"}],"wp:term":[{"taxonomy":"product_brand","embeddable":true,"href":"https:\/\/nordicamenities.com\/fi\/wp-json\/wp\/v2\/product_brand?post=2902"},{"taxonomy":"product_cat","embeddable":true,"href":"https:\/\/nordicamenities.com\/fi\/wp-json\/wp\/v2\/product_cat?post=2902"},{"taxonomy":"product_tag","embeddable":true,"href":"https:\/\/nordicamenities.com\/fi\/wp-json\/wp\/v2\/product_tag?post=2902"}],"curies":[{"name":"wp","href":"https:\/\/api.w.org\/{rel}","templated":true}]}}