{"id":2905,"date":"2024-03-18T06:43:02","date_gmt":"2024-03-18T06:43:02","guid":{"rendered":"https:\/\/nordicamenities.eu\/toode\/lohnastatud-vesi-star-anis-500ml\/"},"modified":"2024-03-18T06:43:04","modified_gmt":"2024-03-18T06:43:04","slug":"lohnastatud-vesi-star-anis-500ml","status":"publish","type":"product","link":"https:\/\/nordicamenities.com\/fi\/toode\/lohnastatud-vesi-star-anis-500ml\/","title":{"rendered":"L\u00f5hnastatud vesi STAR ANIS 500ml"},"content":{"rendered":"","protected":false},"excerpt":{"rendered":"<p>V\u00e4rskus ja eluj\u00f5ud &#8230; T\u00e4htaniisiga annate endale ja oma tubadele tugeva l\u00f5hna j\u00e4lje.<br \/>\nElav aroom, mis tuleneb T\u00e4htaniisi v\u00e4rskete nootide ja aromaatsete \u00fcrtide eriliste l\u00f5hnade kombinatsioonist. Elustav aroom, mille muudab veelgi peenemaks heina ja viirpuu p\u00f5hiaroomid.<\/p>\n","protected":false},"featured_media":2825,"comment_status":"closed","ping_status":"open","template":"","meta":{"_acf_changed":false},"product_brand":[],"product_cat":[201],"product_tag":[197],"class_list":{"0":"post-2905","1":"product","2":"type-product","3":"status-publish","4":"has-post-thumbnail","6":"product_cat-lohnastatud-veed","7":"product_tag-lohnaveed","9":"first","10":"instock","11":"taxable","12":"shipping-taxable","13":"purchasable","14":"product-type-simple"},"group_of_quantity":12,"min_quantity":12,"max_quantity":"","exclude_order_quantity_value_rules":"no","exclude_category_quantity_rules":"no","combine_variations":"no","acf":[],"_links":{"self":[{"href":"https:\/\/nordicamenities.com\/fi\/wp-json\/wp\/v2\/product\/2905","targetHints":{"allow":["GET"]}}],"collection":[{"href":"https:\/\/nordicamenities.com\/fi\/wp-json\/wp\/v2\/product"}],"about":[{"href":"https:\/\/nordicamenities.com\/fi\/wp-json\/wp\/v2\/types\/product"}],"replies":[{"embeddable":true,"href":"https:\/\/nordicamenities.com\/fi\/wp-json\/wp\/v2\/comments?post=2905"}],"wp:featuredmedia":[{"embeddable":true,"href":"https:\/\/nordicamenities.com\/fi\/wp-json\/wp\/v2\/media\/2825"}],"wp:attachment":[{"href":"https:\/\/nordicamenities.com\/fi\/wp-json\/wp\/v2\/media?parent=2905"}],"wp:term":[{"taxonomy":"product_brand","embeddable":true,"href":"https:\/\/nordicamenities.com\/fi\/wp-json\/wp\/v2\/product_brand?post=2905"},{"taxonomy":"product_cat","embeddable":true,"href":"https:\/\/nordicamenities.com\/fi\/wp-json\/wp\/v2\/product_cat?post=2905"},{"taxonomy":"product_tag","embeddable":true,"href":"https:\/\/nordicamenities.com\/fi\/wp-json\/wp\/v2\/product_tag?post=2905"}],"curies":[{"name":"wp","href":"https:\/\/api.w.org\/{rel}","templated":true}]}}