{"id":2907,"date":"2024-03-18T06:43:02","date_gmt":"2024-03-18T06:43:02","guid":{"rendered":"https:\/\/nordicamenities.eu\/toode\/lohnastatud-vesi-zagara-500ml\/"},"modified":"2024-03-18T06:43:05","modified_gmt":"2024-03-18T06:43:05","slug":"lohnastatud-vesi-zagara-500ml","status":"publish","type":"product","link":"https:\/\/nordicamenities.com\/fi\/toode\/lohnastatud-vesi-zagara-500ml\/","title":{"rendered":"L\u00f5hnastatud vesi ZAGARA 500ml"},"content":{"rendered":"","protected":false},"excerpt":{"rendered":"<p>ZAGARA aroom \u00fcmbritseb teid kogu kevade \u00f5itseva aia ilu ja l\u00f5hnadega.<br \/>\nSidruni, apelsini ja laimi sitruselised l\u00f5hnad segunevad piparm\u00fcndilehtede, basiiliku, majoraani, t\u00fc\u00fcmiani aromaatsete nootidega ning muskusrohelise, siidripuu ja kardemoni v\u00fcrtsikate l\u00f5hnadega. V\u00e4rske kokteil, intensiivne ja t\u00e4iesti \u00fclimaitsev.<\/p>\n","protected":false},"featured_media":2857,"comment_status":"closed","ping_status":"open","template":"","meta":{"_acf_changed":false},"product_brand":[],"product_cat":[201],"product_tag":[197],"class_list":{"0":"post-2907","1":"product","2":"type-product","3":"status-publish","4":"has-post-thumbnail","6":"product_cat-lohnastatud-veed","7":"product_tag-lohnaveed","9":"first","10":"instock","11":"taxable","12":"shipping-taxable","13":"purchasable","14":"product-type-simple"},"group_of_quantity":12,"min_quantity":12,"max_quantity":"","exclude_order_quantity_value_rules":"no","exclude_category_quantity_rules":"no","combine_variations":"no","acf":[],"_links":{"self":[{"href":"https:\/\/nordicamenities.com\/fi\/wp-json\/wp\/v2\/product\/2907","targetHints":{"allow":["GET"]}}],"collection":[{"href":"https:\/\/nordicamenities.com\/fi\/wp-json\/wp\/v2\/product"}],"about":[{"href":"https:\/\/nordicamenities.com\/fi\/wp-json\/wp\/v2\/types\/product"}],"replies":[{"embeddable":true,"href":"https:\/\/nordicamenities.com\/fi\/wp-json\/wp\/v2\/comments?post=2907"}],"wp:featuredmedia":[{"embeddable":true,"href":"https:\/\/nordicamenities.com\/fi\/wp-json\/wp\/v2\/media\/2857"}],"wp:attachment":[{"href":"https:\/\/nordicamenities.com\/fi\/wp-json\/wp\/v2\/media?parent=2907"}],"wp:term":[{"taxonomy":"product_brand","embeddable":true,"href":"https:\/\/nordicamenities.com\/fi\/wp-json\/wp\/v2\/product_brand?post=2907"},{"taxonomy":"product_cat","embeddable":true,"href":"https:\/\/nordicamenities.com\/fi\/wp-json\/wp\/v2\/product_cat?post=2907"},{"taxonomy":"product_tag","embeddable":true,"href":"https:\/\/nordicamenities.com\/fi\/wp-json\/wp\/v2\/product_tag?post=2907"}],"curies":[{"name":"wp","href":"https:\/\/api.w.org\/{rel}","templated":true}]}}