{"id":2910,"date":"2024-03-18T06:43:02","date_gmt":"2024-03-18T06:43:02","guid":{"rendered":"https:\/\/nordicamenities.eu\/toode\/juuste-keha-ja-katepesugeel-energy-500ml\/"},"modified":"2024-03-18T06:43:05","modified_gmt":"2024-03-18T06:43:05","slug":"juuste-keha-ja-katepesugeel-energy-500ml","status":"publish","type":"product","link":"https:\/\/nordicamenities.com\/fi\/toode\/juuste-keha-ja-katepesugeel-energy-500ml\/","title":{"rendered":"Juuste, keha ja k\u00e4tepesugeel ENERGY 500ml"},"content":{"rendered":"","protected":false},"excerpt":{"rendered":"<p>ENERGY sarja elavad ja v\u00e4rsked noodid annavad Teile puhast energiat keha ja vaim t\u00e4ielikuks taastumiseks.  Elav l\u00f5hn, mis annab v\u00e4rskust ja energiat. Top nootideks bergamont ja sidrun, millele lisandub maikellukese magusus ning muskuse ja merevaigu v\u00fcrtsikad noodid muudavad sellel l\u00f5hna v\u00e4ga peenenks ja meeldej\u00e4\u00e4vaks.<\/p>\n","protected":false},"featured_media":2845,"comment_status":"closed","ping_status":"open","template":"","meta":{"_acf_changed":false},"product_brand":[],"product_cat":[202],"product_tag":[203],"class_list":{"0":"post-2910","1":"product","2":"type-product","3":"status-publish","4":"has-post-thumbnail","6":"product_cat-aquerello","7":"product_tag-juukse-keha-kate","9":"first","10":"instock","11":"taxable","12":"shipping-taxable","13":"purchasable","14":"product-type-simple"},"group_of_quantity":12,"min_quantity":12,"max_quantity":"","exclude_order_quantity_value_rules":"no","exclude_category_quantity_rules":"no","combine_variations":"no","acf":[],"_links":{"self":[{"href":"https:\/\/nordicamenities.com\/fi\/wp-json\/wp\/v2\/product\/2910","targetHints":{"allow":["GET"]}}],"collection":[{"href":"https:\/\/nordicamenities.com\/fi\/wp-json\/wp\/v2\/product"}],"about":[{"href":"https:\/\/nordicamenities.com\/fi\/wp-json\/wp\/v2\/types\/product"}],"replies":[{"embeddable":true,"href":"https:\/\/nordicamenities.com\/fi\/wp-json\/wp\/v2\/comments?post=2910"}],"wp:featuredmedia":[{"embeddable":true,"href":"https:\/\/nordicamenities.com\/fi\/wp-json\/wp\/v2\/media\/2845"}],"wp:attachment":[{"href":"https:\/\/nordicamenities.com\/fi\/wp-json\/wp\/v2\/media?parent=2910"}],"wp:term":[{"taxonomy":"product_brand","embeddable":true,"href":"https:\/\/nordicamenities.com\/fi\/wp-json\/wp\/v2\/product_brand?post=2910"},{"taxonomy":"product_cat","embeddable":true,"href":"https:\/\/nordicamenities.com\/fi\/wp-json\/wp\/v2\/product_cat?post=2910"},{"taxonomy":"product_tag","embeddable":true,"href":"https:\/\/nordicamenities.com\/fi\/wp-json\/wp\/v2\/product_tag?post=2910"}],"curies":[{"name":"wp","href":"https:\/\/api.w.org\/{rel}","templated":true}]}}