{"id":2917,"date":"2024-03-18T06:43:06","date_gmt":"2024-03-18T06:43:06","guid":{"rendered":"https:\/\/nordicamenities.eu\/toode\/juuste-keha-ja-katepesugeel-zagara-500ml\/"},"modified":"2024-03-18T06:43:07","modified_gmt":"2024-03-18T06:43:07","slug":"juuste-keha-ja-katepesugeel-zagara-500ml","status":"publish","type":"product","link":"https:\/\/nordicamenities.com\/fi\/toode\/juuste-keha-ja-katepesugeel-zagara-500ml\/","title":{"rendered":"Juuste, keha ja k\u00e4tepesugeel ZAGARA 500ml"},"content":{"rendered":"","protected":false},"excerpt":{"rendered":"<p>ZAGARA aroom \u00fcmbritseb teid kogu kevade \u00f5itseva aia ilu ja l\u00f5hnadega.<br \/>\nSidruni, apelsini ja laimi sitruselised l\u00f5hnad segunevad piparm\u00fcndilehtede, basiiliku, majoraani, t\u00fc\u00fcmiani aromaatsete nootidega ning muskusrohelise, siidripuu ja kardemoni v\u00fcrtsikate l\u00f5hnadega. V\u00e4rske kokteil, intensiivne ja t\u00e4iesti \u00fclimaitsev.<\/p>\n","protected":false},"featured_media":2859,"comment_status":"closed","ping_status":"open","template":"","meta":{"_acf_changed":false},"product_brand":[],"product_cat":[202],"product_tag":[203],"class_list":{"0":"post-2917","1":"product","2":"type-product","3":"status-publish","4":"has-post-thumbnail","6":"product_cat-aquerello","7":"product_tag-juukse-keha-kate","9":"first","10":"instock","11":"taxable","12":"shipping-taxable","13":"purchasable","14":"product-type-simple"},"group_of_quantity":12,"min_quantity":12,"max_quantity":"","exclude_order_quantity_value_rules":"no","exclude_category_quantity_rules":"no","combine_variations":"no","acf":[],"_links":{"self":[{"href":"https:\/\/nordicamenities.com\/fi\/wp-json\/wp\/v2\/product\/2917","targetHints":{"allow":["GET"]}}],"collection":[{"href":"https:\/\/nordicamenities.com\/fi\/wp-json\/wp\/v2\/product"}],"about":[{"href":"https:\/\/nordicamenities.com\/fi\/wp-json\/wp\/v2\/types\/product"}],"replies":[{"embeddable":true,"href":"https:\/\/nordicamenities.com\/fi\/wp-json\/wp\/v2\/comments?post=2917"}],"wp:featuredmedia":[{"embeddable":true,"href":"https:\/\/nordicamenities.com\/fi\/wp-json\/wp\/v2\/media\/2859"}],"wp:attachment":[{"href":"https:\/\/nordicamenities.com\/fi\/wp-json\/wp\/v2\/media?parent=2917"}],"wp:term":[{"taxonomy":"product_brand","embeddable":true,"href":"https:\/\/nordicamenities.com\/fi\/wp-json\/wp\/v2\/product_brand?post=2917"},{"taxonomy":"product_cat","embeddable":true,"href":"https:\/\/nordicamenities.com\/fi\/wp-json\/wp\/v2\/product_cat?post=2917"},{"taxonomy":"product_tag","embeddable":true,"href":"https:\/\/nordicamenities.com\/fi\/wp-json\/wp\/v2\/product_tag?post=2917"}],"curies":[{"name":"wp","href":"https:\/\/api.w.org\/{rel}","templated":true}]}}