{"id":3242,"date":"2024-09-10T07:55:47","date_gmt":"2024-09-10T05:55:47","guid":{"rendered":"https:\/\/nordicamenities.eu\/toode\/ihupiim-22ml-bamboo\/"},"modified":"2024-09-10T07:55:48","modified_gmt":"2024-09-10T05:55:48","slug":"ihupiim-22ml-bamboo","status":"publish","type":"product","link":"https:\/\/nordicamenities.com\/fi\/toode\/ihupiim-22ml-bamboo\/","title":{"rendered":"Ihupiim 22ml BAMBOO"},"content":{"rendered":"","protected":false},"excerpt":{"rendered":"<p>BAMBOO on bambuseekstrakti sisaldav kosmeetika sari.<br \/>\nNiisutav ja toitev, sisaldab rohkelt amiino happeid, vitamiine ja minaraale nagu r\u00e4nidioksiid ning bambuse ekstrakt, mis aitab nahka ja juukseid noorendada, j\u00e4ttes need pehmeks ja siledaks. Ekstarkt, mida peetakse v\u00e4\u00e4rtuslikuks ilueliksiiriks. Bamboo on ideaalne kollektsioon, et anda oma k\u00fclalistele l\u00f5\u00f5gastav ja v\u00e4skendav puhkus, et stimuleerida keha ja vaimu heaolu.<br \/>\nKOSMEETIKA ON TOODETUD ITAALIAS.<\/p>\n","protected":false},"featured_media":3073,"comment_status":"closed","ping_status":"open","template":"","meta":{"_acf_changed":false},"product_brand":[],"product_cat":[219],"product_tag":[45],"class_list":{"0":"post-3242","1":"product","2":"type-product","3":"status-publish","4":"has-post-thumbnail","6":"product_cat-bamboo","7":"product_tag-ihupiim","9":"first","10":"instock","11":"taxable","12":"shipping-taxable","13":"purchasable","14":"product-type-simple"},"group_of_quantity":600,"min_quantity":600,"max_quantity":"","exclude_order_quantity_value_rules":"no","exclude_category_quantity_rules":"no","combine_variations":"no","acf":[],"_links":{"self":[{"href":"https:\/\/nordicamenities.com\/fi\/wp-json\/wp\/v2\/product\/3242","targetHints":{"allow":["GET"]}}],"collection":[{"href":"https:\/\/nordicamenities.com\/fi\/wp-json\/wp\/v2\/product"}],"about":[{"href":"https:\/\/nordicamenities.com\/fi\/wp-json\/wp\/v2\/types\/product"}],"replies":[{"embeddable":true,"href":"https:\/\/nordicamenities.com\/fi\/wp-json\/wp\/v2\/comments?post=3242"}],"wp:featuredmedia":[{"embeddable":true,"href":"https:\/\/nordicamenities.com\/fi\/wp-json\/wp\/v2\/media\/3073"}],"wp:attachment":[{"href":"https:\/\/nordicamenities.com\/fi\/wp-json\/wp\/v2\/media?parent=3242"}],"wp:term":[{"taxonomy":"product_brand","embeddable":true,"href":"https:\/\/nordicamenities.com\/fi\/wp-json\/wp\/v2\/product_brand?post=3242"},{"taxonomy":"product_cat","embeddable":true,"href":"https:\/\/nordicamenities.com\/fi\/wp-json\/wp\/v2\/product_cat?post=3242"},{"taxonomy":"product_tag","embeddable":true,"href":"https:\/\/nordicamenities.com\/fi\/wp-json\/wp\/v2\/product_tag?post=3242"}],"curies":[{"name":"wp","href":"https:\/\/api.w.org\/{rel}","templated":true}]}}