{"id":3254,"date":"2024-09-10T07:55:47","date_gmt":"2024-09-10T05:55:47","guid":{"rendered":"https:\/\/nordicamenities.eu\/toode\/intiimpesugeel-20ml-energy\/"},"modified":"2024-09-10T07:55:52","modified_gmt":"2024-09-10T05:55:52","slug":"intiimpesugeel-20ml-energy","status":"publish","type":"product","link":"https:\/\/nordicamenities.com\/fi\/toode\/intiimpesugeel-20ml-energy\/","title":{"rendered":"Intiimpesugeel 20ml ENERGY"},"content":{"rendered":"","protected":false},"excerpt":{"rendered":"<p>ENERGY \u2013 Rohelise tee ekstrakti ja Ginkgo Biloba\u2019ga.<br \/>\nRohelise tee ekstraktile, mis on rikas tanniinidest ja pol\u00fcfenoolidest, on iseloomulikud dermopurifitseerivad ja antioks\u00fcdandilised omadused ning Ginkgo Biloba aitab parandada naha elastsust ja tervislikku v\u00e4limust. Nende kahe ekstrakti kombinatsioonist s\u00fcndinud ENERGY sari on v\u00e4rskuse ja energia aluseks.<\/p>\n","protected":false},"featured_media":3107,"comment_status":"closed","ping_status":"open","template":"","meta":{"_acf_changed":false},"product_brand":[],"product_cat":[221],"product_tag":[222],"class_list":{"0":"post-3254","1":"product","2":"type-product","3":"status-publish","4":"has-post-thumbnail","6":"product_cat-energy","7":"product_tag-intiimpesu","9":"first","10":"instock","11":"taxable","12":"shipping-taxable","13":"purchasable","14":"product-type-simple"},"group_of_quantity":600,"min_quantity":600,"max_quantity":"","exclude_order_quantity_value_rules":"no","exclude_category_quantity_rules":"no","combine_variations":"no","acf":[],"_links":{"self":[{"href":"https:\/\/nordicamenities.com\/fi\/wp-json\/wp\/v2\/product\/3254","targetHints":{"allow":["GET"]}}],"collection":[{"href":"https:\/\/nordicamenities.com\/fi\/wp-json\/wp\/v2\/product"}],"about":[{"href":"https:\/\/nordicamenities.com\/fi\/wp-json\/wp\/v2\/types\/product"}],"replies":[{"embeddable":true,"href":"https:\/\/nordicamenities.com\/fi\/wp-json\/wp\/v2\/comments?post=3254"}],"wp:featuredmedia":[{"embeddable":true,"href":"https:\/\/nordicamenities.com\/fi\/wp-json\/wp\/v2\/media\/3107"}],"wp:attachment":[{"href":"https:\/\/nordicamenities.com\/fi\/wp-json\/wp\/v2\/media?parent=3254"}],"wp:term":[{"taxonomy":"product_brand","embeddable":true,"href":"https:\/\/nordicamenities.com\/fi\/wp-json\/wp\/v2\/product_brand?post=3254"},{"taxonomy":"product_cat","embeddable":true,"href":"https:\/\/nordicamenities.com\/fi\/wp-json\/wp\/v2\/product_cat?post=3254"},{"taxonomy":"product_tag","embeddable":true,"href":"https:\/\/nordicamenities.com\/fi\/wp-json\/wp\/v2\/product_tag?post=3254"}],"curies":[{"name":"wp","href":"https:\/\/api.w.org\/{rel}","templated":true}]}}