{"id":3293,"date":"2024-09-10T07:56:18","date_gmt":"2024-09-10T05:56:18","guid":{"rendered":"https:\/\/nordicamenities.eu\/toode\/juukse-ja-kehasampoon-30ml-fig-natural-mix\/"},"modified":"2024-09-10T07:56:20","modified_gmt":"2024-09-10T05:56:20","slug":"juukse-ja-kehasampoon-30ml-fig-natural-mix","status":"publish","type":"product","link":"https:\/\/nordicamenities.com\/fi\/toode\/juukse-ja-kehasampoon-30ml-fig-natural-mix\/","title":{"rendered":"Juukse- Ja Keha\u0161ampoon 30ml Fig NATURAL MIX"},"content":{"rendered":"","protected":false},"excerpt":{"rendered":"<p>NATURAL MIX \u2013 aroomiteraapaia konesptsioon hotellikosmeetika sarjas.<br \/>\nT\u00e4ielik kehahooldussari, mis koosneb h\u00e4mmastava Vahemere \u00fcmbruse parimatest l\u00f5hnadest ja ekstraktidest: Fig\u2019i aroom, mere Oligoelemendid, viinamarjade pol\u00fcfenoolid, riisi proteiinid, unikaalsed apelsiini ja kaneeli aroomid, rohelise tee ja Ginkgo Biloba energiseerivad ja v\u00e4rskendavad ekstraktid ning oliivi \u00f5liga seep. T\u00e4nu vaheldusrikastele essentsidele ja taimsetele ekstraktidele kaasab NATURAL MIX sari teie k\u00fclalist aromaatsele teekonnale l\u00f5\u00f5gastavas vannis v\u00f5i kosutavas du\u0161\u0161is.<\/p>\n","protected":false},"featured_media":3155,"comment_status":"closed","ping_status":"open","template":"","meta":{"_acf_changed":false},"product_brand":[],"product_cat":[233],"product_tag":[194],"class_list":{"0":"post-3293","1":"product","2":"type-product","3":"status-publish","4":"has-post-thumbnail","6":"product_cat-natural-mix","7":"product_tag-juukse-ja-keha","9":"first","10":"instock","11":"taxable","12":"shipping-taxable","13":"purchasable","14":"product-type-simple"},"group_of_quantity":450,"min_quantity":450,"max_quantity":"","exclude_order_quantity_value_rules":"no","exclude_category_quantity_rules":"no","combine_variations":"no","acf":[],"_links":{"self":[{"href":"https:\/\/nordicamenities.com\/fi\/wp-json\/wp\/v2\/product\/3293","targetHints":{"allow":["GET"]}}],"collection":[{"href":"https:\/\/nordicamenities.com\/fi\/wp-json\/wp\/v2\/product"}],"about":[{"href":"https:\/\/nordicamenities.com\/fi\/wp-json\/wp\/v2\/types\/product"}],"replies":[{"embeddable":true,"href":"https:\/\/nordicamenities.com\/fi\/wp-json\/wp\/v2\/comments?post=3293"}],"wp:featuredmedia":[{"embeddable":true,"href":"https:\/\/nordicamenities.com\/fi\/wp-json\/wp\/v2\/media\/3155"}],"wp:attachment":[{"href":"https:\/\/nordicamenities.com\/fi\/wp-json\/wp\/v2\/media?parent=3293"}],"wp:term":[{"taxonomy":"product_brand","embeddable":true,"href":"https:\/\/nordicamenities.com\/fi\/wp-json\/wp\/v2\/product_brand?post=3293"},{"taxonomy":"product_cat","embeddable":true,"href":"https:\/\/nordicamenities.com\/fi\/wp-json\/wp\/v2\/product_cat?post=3293"},{"taxonomy":"product_tag","embeddable":true,"href":"https:\/\/nordicamenities.com\/fi\/wp-json\/wp\/v2\/product_tag?post=3293"}],"curies":[{"name":"wp","href":"https:\/\/api.w.org\/{rel}","templated":true}]}}