{"id":3307,"date":"2024-09-10T07:56:18","date_gmt":"2024-09-10T05:56:18","guid":{"rendered":"https:\/\/nordicamenities.eu\/toode\/juukse-ja-kehasampoon-300ml-karite\/"},"modified":"2024-09-10T07:56:25","modified_gmt":"2024-09-10T05:56:25","slug":"juukse-ja-kehasampoon-300ml-karite","status":"publish","type":"product","link":"https:\/\/nordicamenities.com\/fi\/toode\/juukse-ja-kehasampoon-300ml-karite\/","title":{"rendered":"Juukse- Ja Keha\u0161ampoon 300ml KARITE"},"content":{"rendered":"","protected":false},"excerpt":{"rendered":"<p>KARITE sari on valmistatud kindlat t\u00fc\u00fcpi seemnetest (Karit\u00e8 p\u00e4hkid) ning Shea v\u00f5ist, mis on v\u00f5tme koostisosaks selles erakordses kosmeetikasarjas. Rikas rasvhappest, A-, B-, E- ja F-vitamiiinidest on see ideaalne naha- ja juuksehoolduse liitlane t\u00e4nu oma toitvatele ja pehmendavale omadustele. Selle kollektsiooni eksklusiivne aroom on s\u00fcndinud elegantsete, \u00f5rnade ja lillede nootidest koos intensiivse puidu noodiga. Tulemuseks on t\u00f5eline heaolu.<\/p>\n","protected":false},"featured_media":3139,"comment_status":"closed","ping_status":"open","template":"","meta":{"_acf_changed":false},"product_brand":[],"product_cat":[235,217],"product_tag":[194],"class_list":{"0":"post-3307","1":"product","2":"type-product","3":"status-publish","4":"has-post-thumbnail","6":"product_cat-karite","7":"product_cat-pump-dosaator","8":"product_tag-juukse-ja-keha","10":"first","11":"instock","12":"taxable","13":"shipping-taxable","14":"purchasable","15":"product-type-simple"},"group_of_quantity":20,"min_quantity":20,"max_quantity":"","exclude_order_quantity_value_rules":"no","exclude_category_quantity_rules":"no","combine_variations":"no","acf":[],"_links":{"self":[{"href":"https:\/\/nordicamenities.com\/fi\/wp-json\/wp\/v2\/product\/3307","targetHints":{"allow":["GET"]}}],"collection":[{"href":"https:\/\/nordicamenities.com\/fi\/wp-json\/wp\/v2\/product"}],"about":[{"href":"https:\/\/nordicamenities.com\/fi\/wp-json\/wp\/v2\/types\/product"}],"replies":[{"embeddable":true,"href":"https:\/\/nordicamenities.com\/fi\/wp-json\/wp\/v2\/comments?post=3307"}],"wp:featuredmedia":[{"embeddable":true,"href":"https:\/\/nordicamenities.com\/fi\/wp-json\/wp\/v2\/media\/3139"}],"wp:attachment":[{"href":"https:\/\/nordicamenities.com\/fi\/wp-json\/wp\/v2\/media?parent=3307"}],"wp:term":[{"taxonomy":"product_brand","embeddable":true,"href":"https:\/\/nordicamenities.com\/fi\/wp-json\/wp\/v2\/product_brand?post=3307"},{"taxonomy":"product_cat","embeddable":true,"href":"https:\/\/nordicamenities.com\/fi\/wp-json\/wp\/v2\/product_cat?post=3307"},{"taxonomy":"product_tag","embeddable":true,"href":"https:\/\/nordicamenities.com\/fi\/wp-json\/wp\/v2\/product_tag?post=3307"}],"curies":[{"name":"wp","href":"https:\/\/api.w.org\/{rel}","templated":true}]}}