{"id":3324,"date":"2024-09-10T07:56:29","date_gmt":"2024-09-10T05:56:29","guid":{"rendered":"https:\/\/nordicamenities.eu\/toode\/sampoon-48ml-hemp-care\/"},"modified":"2024-09-10T07:56:35","modified_gmt":"2024-09-10T05:56:35","slug":"sampoon-48ml-hemp-care","status":"publish","type":"product","link":"https:\/\/nordicamenities.com\/fi\/toode\/sampoon-48ml-hemp-care\/","title":{"rendered":"\u0160ampoon 48ml HEMP CARE"},"content":{"rendered":"","protected":false},"excerpt":{"rendered":"<p>Hellitamine ja l\u00f5\u00f5gastus: t\u00e4iuslik k\u00fclalislahkuse kogemus!<br \/>\nItaalia orgaaniline kanepi\u00f5li on HEMP CARE sarja \u201csalajane\u201d koostisaine, mis on loodud selleks, et hoolitseda hotellide k\u00fclaliste eest \u00fcle terve maailma. HEMP CARE on t\u00f5elinse kiindumuse \u017eest k\u00fclastajatele parimate hotelli pidajate poolt ning on v\u00f5imeline j\u00e4tma kustumatu m\u00e4lestuse otse Teie s\u00fcdamesse.<br \/>\nKOSMEETKIA ON TOODETUD ITAALIAS.<\/p>\n","protected":false},"featured_media":3133,"comment_status":"closed","ping_status":"open","template":"","meta":{"_acf_changed":false},"product_brand":[],"product_cat":[238],"product_tag":[46],"class_list":{"0":"post-3324","1":"product","2":"type-product","3":"status-publish","4":"has-post-thumbnail","6":"product_cat-hemp-care","7":"product_tag-seep","9":"first","10":"instock","11":"taxable","12":"shipping-taxable","13":"purchasable","14":"product-type-simple"},"group_of_quantity":144,"min_quantity":144,"max_quantity":"","exclude_order_quantity_value_rules":"no","exclude_category_quantity_rules":"no","combine_variations":"no","acf":[],"_links":{"self":[{"href":"https:\/\/nordicamenities.com\/fi\/wp-json\/wp\/v2\/product\/3324","targetHints":{"allow":["GET"]}}],"collection":[{"href":"https:\/\/nordicamenities.com\/fi\/wp-json\/wp\/v2\/product"}],"about":[{"href":"https:\/\/nordicamenities.com\/fi\/wp-json\/wp\/v2\/types\/product"}],"replies":[{"embeddable":true,"href":"https:\/\/nordicamenities.com\/fi\/wp-json\/wp\/v2\/comments?post=3324"}],"wp:featuredmedia":[{"embeddable":true,"href":"https:\/\/nordicamenities.com\/fi\/wp-json\/wp\/v2\/media\/3133"}],"wp:attachment":[{"href":"https:\/\/nordicamenities.com\/fi\/wp-json\/wp\/v2\/media?parent=3324"}],"wp:term":[{"taxonomy":"product_brand","embeddable":true,"href":"https:\/\/nordicamenities.com\/fi\/wp-json\/wp\/v2\/product_brand?post=3324"},{"taxonomy":"product_cat","embeddable":true,"href":"https:\/\/nordicamenities.com\/fi\/wp-json\/wp\/v2\/product_cat?post=3324"},{"taxonomy":"product_tag","embeddable":true,"href":"https:\/\/nordicamenities.com\/fi\/wp-json\/wp\/v2\/product_tag?post=3324"}],"curies":[{"name":"wp","href":"https:\/\/api.w.org\/{rel}","templated":true}]}}